{"id":232,"date":"2025-04-29T15:22:36","date_gmt":"2025-04-29T15:22:36","guid":{"rendered":"https:\/\/www.ufohry.cz\/cs_cz\/?post_type=product&#038;p=232"},"modified":"2025-09-30T15:34:38","modified_gmt":"2025-09-30T15:34:38","slug":"hockey-game","status":"publish","type":"product","link":"https:\/\/ufohry.cz\/en\/product\/hockey-game\/","title":{"rendered":"HOCKEY GAME"},"content":{"rendered":"<p>C\u00edlem hry Hockey Game je vst\u0159elit v\u00edce g\u00f3l\u016f ne\u017e soupe\u0159, hr\u00e1\u010di p\u0159i h\u0159e pomoc\u00ed karet usiluj\u00ed o to kdo je \u00fato\u010d\u00edc\u00ed hr\u00e1\u010d na puku a kdo br\u00e1n\u00edc\u00ed hr\u00e1\u010d bez puku. \u00dato\u010d\u00edc\u00ed hr\u00e1\u010d se s br\u00e1n\u00edc\u00edm st\u0159\u00eddaj\u00ed v taz\u00edch ve kter\u00fdch uplat\u0148uj\u00ed v\u00fdhody sv\u00fdch t\u00fdmu, jednotliv\u00e9 hr\u00e1\u010de v t\u00fdmu a dal\u0161\u00ed podobn\u00e9 karty a kostky a pomoc\u00ed r\u016fzn\u00fdch kombinac\u00ed se sna\u017e\u00ed zakon\u010dit \u00fatok g\u00f3lem do soupe\u0159ovi br\u00e1ny.<\/p>\n<p>Hra se hraje na 3 t\u0159etiny, kter\u00e9 ukon\u010duje rozhod\u010d\u00ed.<\/p>\n<p>Hr\u00e1\u010d kter\u00fd m\u00e1 na konci z\u00e1pasu v\u00edce g\u00f3l\u016f je v\u00edt\u011bz<\/p>","protected":false},"excerpt":{"rendered":"<p><img decoding=\"async\" class=\"alignnone size-medium wp-image-584\" src=\"https:\/\/ufohry.cz\/wp-content\/uploads\/2025\/04\/1.png\" alt=\"\" width=\"1\" height=\"1\" \/>Hockey Game je karetn\u00ed tahov\u00e1 strategick\u00e1 hra pro dva hr\u00e1\u010de<\/p>\n<p>Balen\u00ed obsahuje: ledovou plochu, 4 kostky, puk, n\u00e1vod, karty rozhod\u010d\u00edho, karty t\u00fdm\u016f podle varianty a kartu n\u00e1pov\u011bdy<\/p>\n<p><img decoding=\"async\" class=\"alignnone size-medium wp-image-584\" src=\"https:\/\/ufohry.cz\/wp-content\/uploads\/2025\/04\/1.png\" alt=\"\" width=\"1\" height=\"1\" \/><\/p>","protected":false},"featured_media":280,"comment_status":"open","ping_status":"closed","template":"","meta":{"site-sidebar-layout":"default","site-content-layout":"","ast-site-content-layout":"default","site-content-style":"default","site-sidebar-style":"default","ast-global-header-display":"","ast-banner-title-visibility":"","ast-main-header-display":"","ast-hfb-above-header-display":"","ast-hfb-below-header-display":"","ast-hfb-mobile-header-display":"","site-post-title":"","ast-breadcrumbs-content":"","ast-featured-img":"","footer-sml-layout":"","ast-disable-related-posts":"","theme-transparent-header-meta":"default","adv-header-id-meta":"","stick-header-meta":"","header-above-stick-meta":"","header-main-stick-meta":"","header-below-stick-meta":"","astra-migrate-meta-layouts":"set","ast-page-background-enabled":"default","ast-page-background-meta":{"desktop":{"background-color":"var(--ast-global-color-5)","background-image":"","background-repeat":"repeat","background-position":"center center","background-size":"auto","background-attachment":"scroll","background-type":"","background-media":"","overlay-type":"","overlay-color":"","overlay-opacity":"","overlay-gradient":""},"tablet":{"background-color":"","background-image":"","background-repeat":"repeat","background-position":"center center","background-size":"auto","background-attachment":"scroll","background-type":"","background-media":"","overlay-type":"","overlay-color":"","overlay-opacity":"","overlay-gradient":""},"mobile":{"background-color":"","background-image":"","background-repeat":"repeat","background-position":"center center","background-size":"auto","background-attachment":"scroll","background-type":"","background-media":"","overlay-type":"","overlay-color":"","overlay-opacity":"","overlay-gradient":""}},"ast-content-background-meta":{"desktop":{"background-color":"var(--ast-global-color-4)","background-image":"","background-repeat":"repeat","background-position":"center center","background-size":"auto","background-attachment":"scroll","background-type":"","background-media":"","overlay-type":"","overlay-color":"","overlay-opacity":"","overlay-gradient":""},"tablet":{"background-color":"var(--ast-global-color-4)","background-image":"","background-repeat":"repeat","background-position":"center center","background-size":"auto","background-attachment":"scroll","background-type":"","background-media":"","overlay-type":"","overlay-color":"","overlay-opacity":"","overlay-gradient":""},"mobile":{"background-color":"var(--ast-global-color-4)","background-image":"","background-repeat":"repeat","background-position":"center center","background-size":"auto","background-attachment":"scroll","background-type":"","background-media":"","overlay-type":"","overlay-color":"","overlay-opacity":"","overlay-gradient":""}}},"product_brand":[],"product_cat":[22],"product_tag":[],"class_list":{"0":"post-232","1":"product","2":"type-product","3":"status-publish","4":"has-post-thumbnail","6":"product_cat-hockey-game","7":"desktop-align-left","8":"tablet-align-left","9":"mobile-align-left","11":"first","12":"instock","13":"shipping-taxable","14":"purchasable","15":"product-type-variable"},"jetpack_sharing_enabled":true,"_links":{"self":[{"href":"https:\/\/ufohry.cz\/en\/wp-json\/wp\/v2\/product\/232","targetHints":{"allow":["GET"]}}],"collection":[{"href":"https:\/\/ufohry.cz\/en\/wp-json\/wp\/v2\/product"}],"about":[{"href":"https:\/\/ufohry.cz\/en\/wp-json\/wp\/v2\/types\/product"}],"replies":[{"embeddable":true,"href":"https:\/\/ufohry.cz\/en\/wp-json\/wp\/v2\/comments?post=232"}],"wp:featuredmedia":[{"embeddable":true,"href":"https:\/\/ufohry.cz\/en\/wp-json\/wp\/v2\/media\/280"}],"wp:attachment":[{"href":"https:\/\/ufohry.cz\/en\/wp-json\/wp\/v2\/media?parent=232"}],"wp:term":[{"taxonomy":"product_brand","embeddable":true,"href":"https:\/\/ufohry.cz\/en\/wp-json\/wp\/v2\/product_brand?post=232"},{"taxonomy":"product_cat","embeddable":true,"href":"https:\/\/ufohry.cz\/en\/wp-json\/wp\/v2\/product_cat?post=232"},{"taxonomy":"product_tag","embeddable":true,"href":"https:\/\/ufohry.cz\/en\/wp-json\/wp\/v2\/product_tag?post=232"}],"curies":[{"name":"wp","href":"https:\/\/api.w.org\/{rel}","templated":true}]}}