{"id":43,"date":"2025-04-24T09:33:38","date_gmt":"2025-04-24T09:33:38","guid":{"rendered":"https:\/\/www.ufohry.cz\/?page_id=43"},"modified":"2025-06-16T12:52:51","modified_gmt":"2025-06-16T12:52:51","slug":"ufohry","status":"publish","type":"page","link":"https:\/\/ufohry.cz\/en\/","title":{"rendered":"UFOHRY"},"content":{"rendered":"<div data-elementor-type=\"wp-page\" data-elementor-id=\"43\" class=\"elementor elementor-43\">\n\t\t\t\t<div class=\"elementor-element elementor-element-afd737d e-flex e-con-boxed e-con e-parent\" data-id=\"afd737d\" data-element_type=\"container\" data-e-type=\"container\">\n\t\t\t\t\t<div class=\"e-con-inner\">\n\t\t\t\t<div class=\"elementor-element elementor-element-fccfc5a elementor-widget-divider--view-line elementor-widget elementor-widget-divider\" data-id=\"fccfc5a\" data-element_type=\"widget\" data-e-type=\"widget\" data-settings=\"{&quot;htmega_fe&quot;:&quot;no&quot;}\" data-widget_type=\"divider.default\">\n\t\t\t\t\t\t\t<div class=\"elementor-divider\">\n\t\t\t<span class=\"elementor-divider-separator\">\n\t\t\t\t\t\t<\/span>\n\t\t<\/div>\n\t\t\t\t\t\t<\/div>\n\t\t\t\t\t<\/div>\n\t\t\t\t<\/div>\n\t\t<div class=\"elementor-element elementor-element-4791402 e-flex e-con-boxed e-con e-parent\" data-id=\"4791402\" data-element_type=\"container\" data-e-type=\"container\">\n\t\t\t\t\t<div class=\"e-con-inner\">\n\t\t\t\t<div class=\"elementor-element elementor-element-2a2251c elementor-view-default elementor-widget elementor-widget-icon\" data-id=\"2a2251c\" data-element_type=\"widget\" data-e-type=\"widget\" data-settings=\"{&quot;htmega_fe&quot;:&quot;no&quot;}\" data-widget_type=\"icon.default\">\n\t\t\t\t\t\t\t<div class=\"elementor-icon-wrapper\">\n\t\t\t<a class=\"elementor-icon\" href=\"https:\/\/ufohry.cz\/en\/o-nas\/\">\n\t\t\t<svg xmlns:dc=\"http:\/\/purl.org\/dc\/elements\/1.1\/\" xmlns:cc=\"http:\/\/creativecommons.org\/ns#\" xmlns:rdf=\"http:\/\/www.w3.org\/1999\/02\/22-rdf-syntax-ns#\" xmlns:svg=\"http:\/\/www.w3.org\/2000\/svg\" xmlns=\"http:\/\/www.w3.org\/2000\/svg\" xmlns:sodipodi=\"http:\/\/sodipodi.sourceforge.net\/DTD\/sodipodi-0.dtd\" xmlns:inkscape=\"http:\/\/www.inkscape.org\/namespaces\/inkscape\" width=\"39.30167mm\" height=\"32.149837mm\" viewbox=\"0 0 39.30167 32.149837\" id=\"svg180\" inkscape:version=\"0.92.2 (5c3e80d, 2017-08-06)\" sodipodi:docname=\"logoweb_mal&#xE9;.svg\"><defs id=\"defs174\"><\/defs><metadata><\/metadata><g inkscape:label=\"Layer 1\" inkscape:groupmode=\"layer\" id=\"layer1\" transform=\"translate(-29.162679,-57.991121)\"><g id=\"g213\" transform=\"rotate(-36.376172,49.136905,73.994048)\" inkscape:export-xdpi=\"96\" inkscape:export-ydpi=\"96\"><path style=\"fill:#000000;fill-opacity:1;fill-rule:nonzero;stroke:#000000;stroke-width:0.10774791px;stroke-linecap:square;stroke-linejoin:round;stroke-miterlimit:4;stroke-dasharray:none;stroke-opacity:1\" d=\"M 51.145754,94.761144 C 49.206293,93.89916 47.913321,92.821679 39.077995,86.572298 28.303191,78.59894 27.010219,77.521462 26.579224,74.935511 c -0.646478,-2.154962 0.215498,-3.663434 6.033889,-11.852283 5.818388,-8.188846 5.818388,-8.404341 7.326857,-9.481822 3.447931,-2.370455 5.818392,-1.72397 13.576244,3.878929 6.464869,4.525415 15.300195,11.421287 17.239657,13.576247 1.292971,1.077479 1.292971,2.15496 0.861991,3.663432 -0.861991,3.016945 -2.370457,4.30992 -6.464882,9.912816 -6.033876,7.973354 -6.680366,8.835337 -7.973338,9.697321 -2.154959,1.723969 -3.447946,1.723969 -6.033888,0.430993 z\" id=\"path7744\" inkscape:connector-curvature=\"0\"><\/path><path style=\"fill:#ffffff;fill-opacity:1;fill-rule:nonzero;stroke:#000000;stroke-width:2.04721045px;stroke-linecap:square;stroke-linejoin:round;stroke-miterlimit:4;stroke-dasharray:none;stroke-opacity:1\" d=\"m 41.879435,83.986345 c 0,-0.215498 0,-0.430993 -0.215498,-0.861984 -0.215498,-0.646491 -0.215498,-0.646491 -1.077473,-3.232441 -0.861991,-2.154961 -1.077489,-3.016944 -1.939465,-5.387402 -0.430995,-1.077478 -0.430995,-1.292976 -0.430995,-1.508474 0,-0.43099 0.215497,-0.861983 1.723966,-3.663431 1.508469,-3.016944 3.663429,-6.895873 3.878927,-7.111368 0,0 0.430996,-0.215495 0.646493,-0.215495 0.43098,0 0.646478,0.215495 3.447931,1.077478 1.292972,0.215498 3.016938,0.861986 3.878927,1.077482 0.861975,0.215497 1.939448,0.646488 2.370443,0.646488 0.430996,0.215495 0.430996,0.215495 0.646494,0.430993 0.430993,0.215495 1.077473,1.077478 3.016935,3.663431 0.646494,0.861984 1.508469,1.939465 1.939465,2.370455 1.508469,1.939465 1.939462,2.801448 2.15496,3.016946 v 0.430991 c 0,0.215497 0.215497,0 -4.740903,5.171906 -3.016951,3.016946 -3.232448,3.232441 -3.447946,3.232441 0,0.215495 0,0.215495 -3.878913,0.430991 -1.508479,0.215495 -2.80145,0.215495 -3.232446,0.215495 -3.232436,0.430993 -3.878913,0.430993 -4.309909,0.215498 z\" id=\"path7788\" inkscape:connector-curvature=\"0\"><\/path><path style=\"fill:#ffffff;fill-opacity:1;fill-rule:nonzero;stroke:none;stroke-width:1.34685886\" d=\"m 43.818897,62.221245 5.818391,11.205795 12.283257,1.292974 z\" id=\"path7790\" inkscape:connector-curvature=\"0\"><\/path><path style=\"fill:none;stroke:#000000;stroke-width:2.04721045px;stroke-linecap:butt;stroke-linejoin:miter;stroke-miterlimit:4;stroke-dasharray:none;stroke-opacity:1\" d=\"m 43.818897,62.221245 5.818391,11.205795 12.283257,1.292974\" id=\"path7792\" inkscape:connector-curvature=\"0\"><\/path><path style=\"fill:#ffffff;fill-opacity:1;fill-rule:nonzero;stroke:none;stroke-width:1.34685886\" d=\"M 49.637288,73.42704 41.879435,83.986345 Z\" id=\"path7794\" inkscape:connector-curvature=\"0\"><\/path><path style=\"fill:none;stroke:#000000;stroke-width:2.04721045px;stroke-linecap:butt;stroke-linejoin:miter;stroke-miterlimit:4;stroke-dasharray:none;stroke-opacity:1\" d=\"M 49.637288,73.42704 41.879435,83.986345\" id=\"path7796\" inkscape:connector-curvature=\"0\"><\/path><path inkscape:connector-curvature=\"0\" id=\"path151\" d=\"m 40.78109,77.23197 -1.485726,-4.239901 1.746904,-3.36441 c 1.785517,-3.438773 2.629897,-4.970809 2.739665,-4.970809 0.186301,0 4.452615,8.571778 4.371509,8.783132 -0.08944,0.233072 -5.776404,8.039885 -5.852715,8.034348 -0.01865,-0.0013 -0.70249,-1.910416 -1.519637,-4.24236 z\" style=\"fill:#ffff00;stroke-width:0.1889881\"><\/path><path inkscape:connector-curvature=\"0\" id=\"path153\" d=\"M 55.684969,72.963529 C 54.021875,72.776677 52.144002,72.569421 51.51192,72.502958 l -1.149239,-0.120841 -2.220528,-4.256878 c -1.221291,-2.341285 -2.179577,-4.297831 -2.129523,-4.347882 0.05005,-0.05005 1.821579,0.39547 3.93673,0.990052 4.452753,1.251694 4.091089,1.002094 7.105055,4.903528 0.961083,1.244076 2.01113,2.580873 2.333435,2.97066 l 0.586012,0.708708 -0.632542,-0.02352 c -0.347898,-0.01294 -1.993254,-0.176403 -3.656351,-0.363254 z\" style=\"fill:#ff5555;stroke-width:0.1889881\"><\/path><path inkscape:connector-curvature=\"0\" id=\"path155\" d=\"m 44.170955,82.783808 c 0.111787,-0.147169 1.471359,-2.000126 3.021272,-4.11768 1.549913,-2.117553 2.927302,-3.892029 3.060861,-3.943282 0.286375,-0.109892 8.243669,0.670555 8.918195,0.874692 0.434541,0.131508 0.280599,0.325855 -2.546231,3.214504 -1.654805,1.690992 -3.157559,3.154177 -3.339452,3.251525 -0.181893,0.09735 -2.12825,0.303512 -4.325239,0.45815 -2.196987,0.154636 -4.219104,0.337071 -4.493588,0.405416 -0.410427,0.10219 -0.462966,0.07673 -0.295818,-0.143325 z\" style=\"fill:#00ffff;stroke-width:0.1889881\"><\/path><\/g><\/g><\/svg>\t\t\t<\/a>\n\t\t<\/div>\n\t\t\t\t\t\t<\/div>\n\t\t\t\t\t<\/div>\n\t\t\t\t<\/div>\n\t\t<div class=\"elementor-element elementor-element-86812a4 e-flex e-con-boxed e-con e-parent\" data-id=\"86812a4\" data-element_type=\"container\" data-e-type=\"container\">\n\t\t\t\t\t<div class=\"e-con-inner\">\n\t\t\t\t\t<\/div>\n\t\t\t\t<\/div>\n\t\t<div class=\"elementor-element elementor-element-1e60bb5 e-flex e-con-boxed e-con e-parent\" data-id=\"1e60bb5\" data-element_type=\"container\" data-e-type=\"container\">\n\t\t\t\t\t<div class=\"e-con-inner\">\n\t\t\t\t<div class=\"elementor-element elementor-element-de8af05 elementor-widget elementor-widget-heading\" data-id=\"de8af05\" data-element_type=\"widget\" data-e-type=\"widget\" data-settings=\"{&quot;htmega_fe&quot;:&quot;no&quot;}\" data-widget_type=\"heading.default\">\n\t\t\t\t\t<h2 class=\"elementor-heading-title elementor-size-default\">V\u00edt\u00e1me V\u00e1s na str\u00e1nk\u00e1ch UFOHRY.<\/h2>\t\t\t\t<\/div>\n\t\t\t\t\t<\/div>\n\t\t\t\t<\/div>\n\t\t<div class=\"elementor-element elementor-element-d5e16b3 e-flex e-con-boxed e-con e-parent\" data-id=\"d5e16b3\" data-element_type=\"container\" data-e-type=\"container\">\n\t\t\t\t\t<div class=\"e-con-inner\">\n\t\t\t\t<div class=\"elementor-element elementor-element-3b98050 elementor-widget elementor-widget-heading\" data-id=\"3b98050\" data-element_type=\"widget\" data-e-type=\"widget\" data-settings=\"{&quot;htmega_fe&quot;:&quot;no&quot;}\" data-widget_type=\"heading.default\">\n\t\t\t\t\t<h2 class=\"elementor-heading-title elementor-size-default\">V\u00fdrobce spole\u010densk\u00fdch her.<\/h2>\t\t\t\t<\/div>\n\t\t\t\t\t<\/div>\n\t\t\t\t<\/div>\n\t\t<div class=\"elementor-element elementor-element-6f4e903 e-flex e-con-boxed e-con e-parent\" data-id=\"6f4e903\" data-element_type=\"container\" data-e-type=\"container\">\n\t\t\t\t\t<div class=\"e-con-inner\">\n\t\t\t\t<div class=\"elementor-element elementor-element-fc14d1e elementor-widget elementor-widget-heading\" data-id=\"fc14d1e\" data-element_type=\"widget\" data-e-type=\"widget\" data-settings=\"{&quot;htmega_fe&quot;:&quot;no&quot;}\" data-widget_type=\"heading.default\">\n\t\t\t\t\t<h2 class=\"elementor-heading-title elementor-size-default\">NECHTE SE UN\u00c9ST!<\/h2>\t\t\t\t<\/div>\n\t\t\t\t\t<\/div>\n\t\t\t\t<\/div>\n\t\t<div class=\"elementor-element elementor-element-a10f2f2 e-flex e-con-boxed e-con e-parent\" data-id=\"a10f2f2\" data-element_type=\"container\" data-e-type=\"container\">\n\t\t\t\t\t<div class=\"e-con-inner\">\n\t\t\t\t\t<\/div>\n\t\t\t\t<\/div>\n\t\t<div data-htmega-element-link=\"{&quot;url&quot;:&quot;https:\\\/\\\/ufohry.cz\\\/cs_cz\\\/obchod\\\/&quot;,&quot;is_external&quot;:&quot;&quot;,&quot;nofollow&quot;:&quot;&quot;,&quot;custom_attributes&quot;:&quot;&quot;}\" style=\"cursor: pointer\" class=\"htmega-element-link elementor-element elementor-element-090ddc1 e-flex e-con-boxed e-con e-parent\" data-id=\"090ddc1\" data-element_type=\"container\" data-e-type=\"container\">\n\t\t\t\t\t<div class=\"e-con-inner\">\n\t\t\t\t<div class=\"elementor-element elementor-element-f094f90 elementor-arrows-position-inside elementor-pagination-position-outside elementor-widget elementor-widget-image-carousel\" data-id=\"f094f90\" data-element_type=\"widget\" data-e-type=\"widget\" data-settings=\"{&quot;lazyload&quot;:&quot;yes&quot;,&quot;autoplay_speed&quot;:2000,&quot;speed&quot;:100,&quot;navigation&quot;:&quot;both&quot;,&quot;autoplay&quot;:&quot;yes&quot;,&quot;pause_on_hover&quot;:&quot;yes&quot;,&quot;pause_on_interaction&quot;:&quot;yes&quot;,&quot;infinite&quot;:&quot;yes&quot;,&quot;htmega_fe&quot;:&quot;no&quot;}\" data-widget_type=\"image-carousel.default\">\n\t\t\t\t\t\t\t<div class=\"elementor-image-carousel-wrapper swiper\" role=\"region\" aria-roledescription=\"carousel\" aria-label=\"Obr\u00e1zkov\u00fd koloto\u010d\" dir=\"ltr\">\n\t\t\t<div class=\"elementor-image-carousel swiper-wrapper\" aria-live=\"off\">\n\t\t\t\t\t\t\t\t<div class=\"swiper-slide\" role=\"group\" aria-roledescription=\"slide\" aria-label=\"1 z 13\"><figure class=\"swiper-slide-inner\"><img class=\"swiper-slide-image swiper-lazy\" data-src=\"https:\/\/ufohry.cz\/wp-content\/uploads\/2025\/05\/IMG_20210306_154149-396x360.jpg\" alt=\"IMG_20210306_154149\" \/><div class=\"swiper-lazy-preloader\"><\/div><\/figure><\/div><div class=\"swiper-slide\" role=\"group\" aria-roledescription=\"slide\" aria-label=\"2 z 13\"><figure class=\"swiper-slide-inner\"><img class=\"swiper-slide-image swiper-lazy\" data-src=\"https:\/\/ufohry.cz\/wp-content\/uploads\/2025\/05\/IMG_20210306_151447-396x360.jpg\" alt=\"IMG_20210306_151447\" \/><div class=\"swiper-lazy-preloader\"><\/div><\/figure><\/div><div class=\"swiper-slide\" role=\"group\" aria-roledescription=\"slide\" aria-label=\"3 z 13\"><figure class=\"swiper-slide-inner\"><img class=\"swiper-slide-image swiper-lazy\" data-src=\"https:\/\/ufohry.cz\/wp-content\/uploads\/2025\/05\/IMG_20210214_154653-396x360.jpg\" alt=\"IMG_20210214_154653\" \/><div class=\"swiper-lazy-preloader\"><\/div><\/figure><\/div><div class=\"swiper-slide\" role=\"group\" aria-roledescription=\"slide\" aria-label=\"4 z 13\"><figure class=\"swiper-slide-inner\"><img class=\"swiper-slide-image swiper-lazy\" data-src=\"https:\/\/ufohry.cz\/wp-content\/uploads\/2025\/05\/IMG_20210212_142442-396x360.jpg\" alt=\"IMG_20210212_142442\" \/><div class=\"swiper-lazy-preloader\"><\/div><\/figure><\/div><div class=\"swiper-slide\" role=\"group\" aria-roledescription=\"slide\" aria-label=\"5 z 13\"><figure class=\"swiper-slide-inner\"><img class=\"swiper-slide-image swiper-lazy\" data-src=\"https:\/\/ufohry.cz\/wp-content\/uploads\/2025\/05\/IMG_20210318_161312-396x360.jpg\" alt=\"IMG_20210318_161312\" \/><div class=\"swiper-lazy-preloader\"><\/div><\/figure><\/div><div class=\"swiper-slide\" role=\"group\" aria-roledescription=\"slide\" aria-label=\"6 z 13\"><figure class=\"swiper-slide-inner\"><img class=\"swiper-slide-image swiper-lazy\" data-src=\"https:\/\/ufohry.cz\/wp-content\/uploads\/2025\/05\/IMG_20210131_150649-396x360.jpg\" alt=\"IMG_20210131_150649\" \/><div class=\"swiper-lazy-preloader\"><\/div><\/figure><\/div><div class=\"swiper-slide\" role=\"group\" aria-roledescription=\"slide\" aria-label=\"7 z 13\"><figure class=\"swiper-slide-inner\"><img class=\"swiper-slide-image swiper-lazy\" data-src=\"https:\/\/ufohry.cz\/wp-content\/uploads\/2025\/05\/IMG_20210201_153459-396x360.jpg\" alt=\"IMG_20210201_153459\" \/><div class=\"swiper-lazy-preloader\"><\/div><\/figure><\/div><div class=\"swiper-slide\" role=\"group\" aria-roledescription=\"slide\" aria-label=\"8 z 13\"><figure class=\"swiper-slide-inner\"><img class=\"swiper-slide-image swiper-lazy\" data-src=\"https:\/\/ufohry.cz\/wp-content\/uploads\/2025\/05\/IMG_20210204_105349-396x360.jpg\" alt=\"IMG_20210204_105349\" \/><div class=\"swiper-lazy-preloader\"><\/div><\/figure><\/div><div class=\"swiper-slide\" role=\"group\" aria-roledescription=\"slide\" aria-label=\"9 z 13\"><figure class=\"swiper-slide-inner\"><img class=\"swiper-slide-image swiper-lazy\" data-src=\"https:\/\/ufohry.cz\/wp-content\/uploads\/2025\/05\/IMG_20210212_142157-396x360.jpg\" alt=\"IMG_20210212_142157\" \/><div class=\"swiper-lazy-preloader\"><\/div><\/figure><\/div><div class=\"swiper-slide\" role=\"group\" aria-roledescription=\"slide\" aria-label=\"10 z 13\"><figure class=\"swiper-slide-inner\"><img class=\"swiper-slide-image swiper-lazy\" data-src=\"https:\/\/ufohry.cz\/wp-content\/uploads\/2025\/05\/20250304_200828-396x360.jpg\" alt=\"20250304_200828\" \/><div class=\"swiper-lazy-preloader\"><\/div><\/figure><\/div><div class=\"swiper-slide\" role=\"group\" aria-roledescription=\"slide\" aria-label=\"11 z 13\"><figure class=\"swiper-slide-inner\"><img class=\"swiper-slide-image swiper-lazy\" data-src=\"https:\/\/ufohry.cz\/wp-content\/uploads\/2025\/05\/IMG_20210121_1302292-396x360.jpg\" alt=\"IMG_20210121_130229~2\" \/><div class=\"swiper-lazy-preloader\"><\/div><\/figure><\/div><div class=\"swiper-slide\" role=\"group\" aria-roledescription=\"slide\" aria-label=\"12 z 13\"><figure class=\"swiper-slide-inner\"><img class=\"swiper-slide-image swiper-lazy\" data-src=\"https:\/\/ufohry.cz\/wp-content\/uploads\/2025\/05\/IMG_20210318_163646-396x360.jpg\" alt=\"IMG_20210318_163646\" \/><div class=\"swiper-lazy-preloader\"><\/div><\/figure><\/div><div class=\"swiper-slide\" role=\"group\" aria-roledescription=\"slide\" aria-label=\"13 z 13\"><figure class=\"swiper-slide-inner\"><img class=\"swiper-slide-image swiper-lazy\" data-src=\"https:\/\/ufohry.cz\/wp-content\/uploads\/2025\/05\/IMG_20210204_111302-396x360.jpg\" alt=\"IMG_20210204_111302\" \/><div class=\"swiper-lazy-preloader\"><\/div><\/figure><\/div>\t\t\t<\/div>\n\t\t\t\t\t\t\t\t\t\t\t\t<div class=\"elementor-swiper-button elementor-swiper-button-prev\" role=\"button\" tabindex=\"0\">\n\t\t\t\t\t\t<svg aria-hidden=\"true\" class=\"e-font-icon-svg e-eicon-chevron-left\" viewbox=\"0 0 1000 1000\" xmlns=\"http:\/\/www.w3.org\/2000\/svg\"><path d=\"M646 125C629 125 613 133 604 142L308 442C296 454 292 471 292 487 292 504 296 521 308 533L604 854C617 867 629 875 646 875 663 875 679 871 692 858 704 846 713 829 713 812 713 796 708 779 692 767L438 487 692 225C700 217 708 204 708 187 708 171 704 154 692 142 675 129 663 125 646 125Z\"><\/path><\/svg>\t\t\t\t\t<\/div>\n\t\t\t\t\t<div class=\"elementor-swiper-button elementor-swiper-button-next\" role=\"button\" tabindex=\"0\">\n\t\t\t\t\t\t<svg aria-hidden=\"true\" class=\"e-font-icon-svg e-eicon-chevron-right\" viewbox=\"0 0 1000 1000\" xmlns=\"http:\/\/www.w3.org\/2000\/svg\"><path d=\"M696 533C708 521 713 504 713 487 713 471 708 454 696 446L400 146C388 133 375 125 354 125 338 125 325 129 313 142 300 154 292 171 292 187 292 204 296 221 308 233L563 492 304 771C292 783 288 800 288 817 288 833 296 850 308 863 321 871 338 875 354 875 371 875 388 867 400 854L696 533Z\"><\/path><\/svg>\t\t\t\t\t<\/div>\n\t\t\t\t\n\t\t\t\t\t\t\t\t\t<div class=\"swiper-pagination\"><\/div>\n\t\t\t\t\t\t\t\t\t<\/div>\n\t\t\t\t\t\t<\/div>\n\t\t\t\t\t<\/div>\n\t\t\t\t<\/div>\n\t\t<div class=\"elementor-element elementor-element-7467bcd e-flex e-con-boxed e-con e-parent\" data-id=\"7467bcd\" data-element_type=\"container\" data-e-type=\"container\">\n\t\t\t\t\t<div class=\"e-con-inner\">\n\t\t\t\t<div class=\"elementor-element elementor-element-e0979b7 elementor-widget-divider--view-line elementor-widget elementor-widget-divider\" data-id=\"e0979b7\" data-element_type=\"widget\" data-e-type=\"widget\" data-settings=\"{&quot;htmega_fe&quot;:&quot;no&quot;}\" data-widget_type=\"divider.default\">\n\t\t\t\t\t\t\t<div class=\"elementor-divider\">\n\t\t\t<span class=\"elementor-divider-separator\">\n\t\t\t\t\t\t<\/span>\n\t\t<\/div>\n\t\t\t\t\t\t<\/div>\n\t\t\t\t\t<\/div>\n\t\t\t\t<\/div>\n\t\t\t\t<\/div>","protected":false},"excerpt":{"rendered":"<p>V\u00edt\u00e1me V\u00e1s na str\u00e1nk\u00e1ch UFOHRY. V\u00fdrobce spole\u010densk\u00fdch her. NECHTE SE UN\u00c9ST!<\/p>","protected":false},"author":2,"featured_media":0,"parent":0,"menu_order":0,"comment_status":"closed","ping_status":"closed","template":"","meta":{"site-sidebar-layout":"no-sidebar","site-content-layout":"","ast-site-content-layout":"full-width-container","site-content-style":"default","site-sidebar-style":"default","ast-global-header-display":"","ast-banner-title-visibility":"","ast-main-header-display":"","ast-hfb-above-header-display":"","ast-hfb-below-header-display":"","ast-hfb-mobile-header-display":"","site-post-title":"disabled","ast-breadcrumbs-content":"","ast-featured-img":"disabled","footer-sml-layout":"","ast-disable-related-posts":"","theme-transparent-header-meta":"","adv-header-id-meta":"","stick-header-meta":"","header-above-stick-meta":"","header-main-stick-meta":"","header-below-stick-meta":"","astra-migrate-meta-layouts":"default","ast-page-background-enabled":"default","ast-page-background-meta":{"desktop":{"background-color":"var(--ast-global-color-5)","background-image":"","background-repeat":"repeat","background-position":"center center","background-size":"auto","background-attachment":"scroll","background-type":"","background-media":"","overlay-type":"","overlay-color":"","overlay-opacity":"","overlay-gradient":""},"tablet":{"background-color":"","background-image":"","background-repeat":"repeat","background-position":"center center","background-size":"auto","background-attachment":"scroll","background-type":"","background-media":"","overlay-type":"","overlay-color":"","overlay-opacity":"","overlay-gradient":""},"mobile":{"background-color":"","background-image":"","background-repeat":"repeat","background-position":"center center","background-size":"auto","background-attachment":"scroll","background-type":"","background-media":"","overlay-type":"","overlay-color":"","overlay-opacity":"","overlay-gradient":""}},"ast-content-background-meta":{"desktop":{"background-color":"var(--ast-global-color-4)","background-image":"","background-repeat":"repeat","background-position":"center center","background-size":"auto","background-attachment":"scroll","background-type":"","background-media":"","overlay-type":"","overlay-color":"","overlay-opacity":"","overlay-gradient":""},"tablet":{"background-color":"var(--ast-global-color-4)","background-image":"","background-repeat":"repeat","background-position":"center center","background-size":"auto","background-attachment":"scroll","background-type":"","background-media":"","overlay-type":"","overlay-color":"","overlay-opacity":"","overlay-gradient":""},"mobile":{"background-color":"var(--ast-global-color-4)","background-image":"","background-repeat":"repeat","background-position":"center center","background-size":"auto","background-attachment":"scroll","background-type":"","background-media":"","overlay-type":"","overlay-color":"","overlay-opacity":"","overlay-gradient":""}},"footnotes":""},"class_list":["post-43","page","type-page","status-publish","hentry"],"jetpack_sharing_enabled":true,"_links":{"self":[{"href":"https:\/\/ufohry.cz\/en\/wp-json\/wp\/v2\/pages\/43","targetHints":{"allow":["GET"]}}],"collection":[{"href":"https:\/\/ufohry.cz\/en\/wp-json\/wp\/v2\/pages"}],"about":[{"href":"https:\/\/ufohry.cz\/en\/wp-json\/wp\/v2\/types\/page"}],"author":[{"embeddable":true,"href":"https:\/\/ufohry.cz\/en\/wp-json\/wp\/v2\/users\/2"}],"replies":[{"embeddable":true,"href":"https:\/\/ufohry.cz\/en\/wp-json\/wp\/v2\/comments?post=43"}],"version-history":[{"count":50,"href":"https:\/\/ufohry.cz\/en\/wp-json\/wp\/v2\/pages\/43\/revisions"}],"predecessor-version":[{"id":531,"href":"https:\/\/ufohry.cz\/en\/wp-json\/wp\/v2\/pages\/43\/revisions\/531"}],"wp:attachment":[{"href":"https:\/\/ufohry.cz\/en\/wp-json\/wp\/v2\/media?parent=43"}],"curies":[{"name":"wp","href":"https:\/\/api.w.org\/{rel}","templated":true}]}}