{"id":242,"date":"2025-04-29T15:46:32","date_gmt":"2025-04-29T15:46:32","guid":{"rendered":"https:\/\/www.ufohry.cz\/?page_id=242"},"modified":"2025-05-14T14:10:44","modified_gmt":"2025-05-14T14:10:44","slug":"mapa-stranek","status":"publish","type":"page","link":"https:\/\/ufohry.cz\/en\/mapa-stranek\/","title":{"rendered":"MAPA STR\u00c1NEK"},"content":{"rendered":"<div data-elementor-type=\"wp-page\" data-elementor-id=\"242\" class=\"elementor elementor-242\">\n\t\t\t\t<div class=\"elementor-element elementor-element-16ab5e8b e-flex e-con-boxed e-con e-parent\" data-id=\"16ab5e8b\" data-element_type=\"container\" data-e-type=\"container\">\n\t\t\t\t\t<div class=\"e-con-inner\">\n\t\t\t\t<div class=\"elementor-element elementor-element-74d66644 elementor-widget-divider--view-line elementor-widget elementor-widget-divider\" data-id=\"74d66644\" data-element_type=\"widget\" data-e-type=\"widget\" data-settings=\"{&quot;htmega_fe&quot;:&quot;no&quot;}\" data-widget_type=\"divider.default\">\n\t\t\t\t\t\t\t<div class=\"elementor-divider\">\n\t\t\t<span class=\"elementor-divider-separator\">\n\t\t\t\t\t\t<\/span>\n\t\t<\/div>\n\t\t\t\t\t\t<\/div>\n\t\t\t\t\t<\/div>\n\t\t\t\t<\/div>\n\t\t<div class=\"elementor-element elementor-element-683ee10 e-flex e-con-boxed e-con e-parent\" data-id=\"683ee10\" data-element_type=\"container\" data-e-type=\"container\">\n\t\t\t\t\t<div class=\"e-con-inner\">\n\t\t\t\t<div class=\"elementor-element elementor-element-7d7aa32 elementor-widget elementor-widget-heading\" data-id=\"7d7aa32\" data-element_type=\"widget\" data-e-type=\"widget\" data-settings=\"{&quot;htmega_fe&quot;:&quot;no&quot;}\" data-widget_type=\"heading.default\">\n\t\t\t\t\t<h2 class=\"elementor-heading-title elementor-size-default\">MAPA STR\u00c1NEK<\/h2>\t\t\t\t<\/div>\n\t\t\t\t\t<\/div>\n\t\t\t\t<\/div>\n\t\t<div class=\"elementor-element elementor-element-bd22b90 e-flex e-con-boxed e-con e-parent\" data-id=\"bd22b90\" data-element_type=\"container\" data-e-type=\"container\">\n\t\t\t\t\t<div class=\"e-con-inner\">\n\t\t\t\t\t<\/div>\n\t\t\t\t<\/div>\n\t\t<div class=\"elementor-element elementor-element-5326049e e-flex e-con-boxed e-con e-parent\" data-id=\"5326049e\" data-element_type=\"container\" data-e-type=\"container\">\n\t\t\t\t\t<div class=\"e-con-inner\">\n\t\t\t\t<div class=\"elementor-element elementor-element-e70125b elementor-widget elementor-widget-shortcode\" data-id=\"e70125b\" data-element_type=\"widget\" data-e-type=\"widget\" data-settings=\"{&quot;htmega_fe&quot;:&quot;no&quot;}\" data-widget_type=\"shortcode.default\">\n\t\t\t\t\t\t\t<div class=\"elementor-shortcode\"><div class=\"wsp-container\"><h2 class=\"wsp-pages-title\">Pages<\/h2>\n<ul class=\"wsp-pages-list\">\n<li class=\"page_item page-item-49 menu-item\"><a href=\"https:\/\/ufohry.cz\/en\/hry\/\" class=\"menu-link\">HRY<\/a><\/li>\n<li class=\"page_item page-item-200 menu-item\"><a href=\"https:\/\/ufohry.cz\/en\/kosik\/\" class=\"menu-link\">KO\u0160\u00cdK<\/a><\/li>\n<li class=\"page_item page-item-242 menu-item\"><a href=\"https:\/\/ufohry.cz\/en\/mapa-stranek\/\" class=\"menu-link\">MAPA STR\u00c1NEK<\/a><\/li>\n<li class=\"page_item page-item-202 menu-item\"><a href=\"https:\/\/ufohry.cz\/en\/muj-ucet\/\" class=\"menu-link\">M\u016eJ \u00da\u010cET<\/a><\/li>\n<li class=\"page_item page-item-77 menu-item\"><a href=\"https:\/\/ufohry.cz\/en\/o-nas\/\" class=\"menu-link\">O N\u00c1S<\/a><\/li>\n<li class=\"page_item page-item-199 menu-item\"><a href=\"https:\/\/ufohry.cz\/en\/obchod\/\" class=\"menu-link\">OBCHOD<\/a><\/li>\n<li class=\"page_item page-item-21 menu-item\"><a href=\"https:\/\/ufohry.cz\/en\/obchodni-podminky\/\" class=\"menu-link\">OBCHODN\u00cd PODM\u00cdNKY<\/a><\/li>\n<li class=\"page_item page-item-201 menu-item\"><a href=\"https:\/\/ufohry.cz\/en\/pokladna\/\" class=\"menu-link\">POKLADNA<\/a><\/li>\n<li class=\"page_item page-item-203 menu-item\"><a href=\"https:\/\/ufohry.cz\/en\/reklamace\/\" class=\"menu-link\">REKLAMACE A VR\u00c1CEN\u00cd ZBO\u017d\u00cd<\/a><\/li>\n<li class=\"page_item page-item-43 menu-item\"><a href=\"https:\/\/ufohry.cz\/en\/\" class=\"menu-link\">UFOHRY<\/a><\/li>\n<li class=\"page_item page-item-99 menu-item\"><a href=\"https:\/\/ufohry.cz\/en\/vychytavky\/\" class=\"menu-link\">VYCHYT\u00c1VKY<\/a><\/li>\n<li class=\"page_item page-item-3 menu-item\"><a href=\"https:\/\/ufohry.cz\/en\/zasady-ochrany-osobnich-udaju\/\" class=\"menu-link\">Z\u00c1SADY OCHRANY OSOBN\u00cdCH \u00daDAJ\u016e<\/a><\/li>\n<\/ul>\n<\/div><\/div>\n\t\t\t\t\t\t<\/div>\n\t\t\t\t\t<\/div>\n\t\t\t\t<\/div>\n\t\t\t\t<\/div>","protected":false},"excerpt":{"rendered":"<p>MAPA STR\u00c1NEK<\/p>","protected":false},"author":2,"featured_media":0,"parent":0,"menu_order":0,"comment_status":"closed","ping_status":"closed","template":"","meta":{"site-sidebar-layout":"no-sidebar","site-content-layout":"","ast-site-content-layout":"full-width-container","site-content-style":"default","site-sidebar-style":"default","ast-global-header-display":"","ast-banner-title-visibility":"","ast-main-header-display":"","ast-hfb-above-header-display":"","ast-hfb-below-header-display":"","ast-hfb-mobile-header-display":"","site-post-title":"disabled","ast-breadcrumbs-content":"","ast-featured-img":"disabled","footer-sml-layout":"","ast-disable-related-posts":"","theme-transparent-header-meta":"","adv-header-id-meta":"","stick-header-meta":"","header-above-stick-meta":"","header-main-stick-meta":"","header-below-stick-meta":"","astra-migrate-meta-layouts":"default","ast-page-background-enabled":"default","ast-page-background-meta":{"desktop":{"background-color":"var(--ast-global-color-5)","background-image":"","background-repeat":"repeat","background-position":"center center","background-size":"auto","background-attachment":"scroll","background-type":"","background-media":"","overlay-type":"","overlay-color":"","overlay-opacity":"","overlay-gradient":""},"tablet":{"background-color":"","background-image":"","background-repeat":"repeat","background-position":"center center","background-size":"auto","background-attachment":"scroll","background-type":"","background-media":"","overlay-type":"","overlay-color":"","overlay-opacity":"","overlay-gradient":""},"mobile":{"background-color":"","background-image":"","background-repeat":"repeat","background-position":"center center","background-size":"auto","background-attachment":"scroll","background-type":"","background-media":"","overlay-type":"","overlay-color":"","overlay-opacity":"","overlay-gradient":""}},"ast-content-background-meta":{"desktop":{"background-color":"var(--ast-global-color-4)","background-image":"","background-repeat":"repeat","background-position":"center center","background-size":"auto","background-attachment":"scroll","background-type":"","background-media":"","overlay-type":"","overlay-color":"","overlay-opacity":"","overlay-gradient":""},"tablet":{"background-color":"var(--ast-global-color-4)","background-image":"","background-repeat":"repeat","background-position":"center center","background-size":"auto","background-attachment":"scroll","background-type":"","background-media":"","overlay-type":"","overlay-color":"","overlay-opacity":"","overlay-gradient":""},"mobile":{"background-color":"var(--ast-global-color-4)","background-image":"","background-repeat":"repeat","background-position":"center center","background-size":"auto","background-attachment":"scroll","background-type":"","background-media":"","overlay-type":"","overlay-color":"","overlay-opacity":"","overlay-gradient":""}},"footnotes":""},"class_list":["post-242","page","type-page","status-publish","hentry"],"jetpack_sharing_enabled":true,"_links":{"self":[{"href":"https:\/\/ufohry.cz\/en\/wp-json\/wp\/v2\/pages\/242","targetHints":{"allow":["GET"]}}],"collection":[{"href":"https:\/\/ufohry.cz\/en\/wp-json\/wp\/v2\/pages"}],"about":[{"href":"https:\/\/ufohry.cz\/en\/wp-json\/wp\/v2\/types\/page"}],"author":[{"embeddable":true,"href":"https:\/\/ufohry.cz\/en\/wp-json\/wp\/v2\/users\/2"}],"replies":[{"embeddable":true,"href":"https:\/\/ufohry.cz\/en\/wp-json\/wp\/v2\/comments?post=242"}],"version-history":[{"count":5,"href":"https:\/\/ufohry.cz\/en\/wp-json\/wp\/v2\/pages\/242\/revisions"}],"predecessor-version":[{"id":247,"href":"https:\/\/ufohry.cz\/en\/wp-json\/wp\/v2\/pages\/242\/revisions\/247"}],"wp:attachment":[{"href":"https:\/\/ufohry.cz\/en\/wp-json\/wp\/v2\/media?parent=242"}],"curies":[{"name":"wp","href":"https:\/\/api.w.org\/{rel}","templated":true}]}}