{"id":21,"date":"2025-04-24T08:00:15","date_gmt":"2025-04-24T08:00:15","guid":{"rendered":"https:\/\/www.ufohry.cz\/obchodni-podminky\/"},"modified":"2025-06-04T14:48:11","modified_gmt":"2025-06-04T14:48:11","slug":"obchodni-podminky","status":"publish","type":"page","link":"https:\/\/ufohry.cz\/en\/obchodni-podminky\/","title":{"rendered":"OBCHODN\u00cd PODM\u00cdNKY"},"content":{"rendered":"<div data-elementor-type=\"wp-page\" data-elementor-id=\"21\" class=\"elementor elementor-21\">\n\t\t\t\t<div class=\"elementor-element elementor-element-af3674c e-flex e-con-boxed e-con e-parent\" data-id=\"af3674c\" data-element_type=\"container\" data-e-type=\"container\">\n\t\t\t\t\t<div class=\"e-con-inner\">\n\t\t\t\t<div class=\"elementor-element elementor-element-47a0708 elementor-widget elementor-widget-text-editor\" data-id=\"47a0708\" data-element_type=\"widget\" data-e-type=\"widget\" data-settings=\"{&quot;htmega_fe&quot;:&quot;no&quot;}\" data-widget_type=\"text-editor.default\">\n\t\t\t\t\t\t\t\t\t<p><strong>V\u0161eobecn\u00e9 obchodn\u00ed podm\u00ednky<\/strong><\/p><p><strong>Na\u0161e obchodn\u00ed podm\u00ednky:<\/strong><\/p><p>Zde najdete d\u016fle\u017eit\u00e9 informace o n\u00e1kupech u ufohry.cz.<\/p><ol><li><strong> Uzav\u0159en\u00ed smlouvy:<\/strong><\/li><\/ol><p>Prezentace zbo\u017e\u00ed v internetov\u00e9m obchod\u011b nep\u0159edstavuje pr\u00e1vn\u011b z\u00e1vaznou nab\u00eddku, ale jedn\u00e1 se o nez\u00e1vazn\u00fd internetov\u00fd informa\u010dn\u00ed katalog, kter\u00fd je pouhou v\u00fdzvou k tomu, abyste zad\u00e1vali z\u00e1vazn\u00e9 objedn\u00e1vky. Kliknut\u00edm na tla\u010d\u00edtko \u201eobjedn\u00e1vka zavazuj\u00edc\u00ed k platb\u011b\u201c odes\u00edl\u00e1te z\u00e1vaznou objedn\u00e1vku na zbo\u017e\u00ed v n\u00e1kupn\u00edm ko\u0161\u00edku, kter\u00e9 nem\u016f\u017ee zahrnovat \u017e\u00e1dnou zm\u011bnu ani jinou odchylku od prezentovan\u00e9ho zbo\u017e\u00ed. Potvrzen\u00ed o p\u0159ijet\u00ed objedn\u00e1vky je vystaveno ihned po odesl\u00e1n\u00ed objedn\u00e1vky a nep\u0159edstavuje p\u0159ijet\u00ed smlouvy. Va\u0161i objedn\u00e1vku m\u016f\u017eeme bu\u010f odm\u00edtnout, nebo ji p\u0159ijmout odesl\u00e1n\u00edm e-mailu s potvrzen\u00edm objedn\u00e1vky eventu\u00e1ln\u011b odesl\u00e1n\u00edm zbo\u017e\u00ed do dvou dn\u016f.<\/p><ol start=\"2\"><li><strong> Pokyny k odstoupen\u00ed<\/strong><\/li><\/ol><p><strong>Pr\u00e1vo na odstoupen\u00ed od smlouvy<\/strong><\/p><p>M\u00e1te pr\u00e1vo odstoupit od t\u00e9to smlouvy do 14 dn\u016f bez uveden\u00ed d\u016fvodu.<\/p><p>Lh\u016fta pro odstoupen\u00ed uplyne po 14 dnech ode dne, kdy zbo\u017e\u00ed fyzicky p\u0159evezmete Vy sami nebo V\u00e1mi uveden\u00e1 jin\u00e1 osoba krom\u011b p\u0159epravce.<\/p><p>Chcete-li uplatnit pr\u00e1vo na odstoupen\u00ed od smlouvy, mus\u00edte n\u00e1s UFOHRY, I\u010cO: 06538444, se s\u00eddlem Praha 5, U Nikolajky 912\/9, 150 00, info@ufohry.cz) o sv\u00e9m rozhodnut\u00ed odstoupit od t\u00e9to smlouvy informovat jednozna\u010dn\u00fdm prohl\u00e1\u0161en\u00edm (nap\u0159. dopisem zaslan\u00fdm po\u0161tou, faxem nebo e-mailem). M\u016f\u017eete pou\u017e\u00edt p\u0159ilo\u017een\u00fd vzorov\u00fd formul\u00e1\u0159 pro odstoupen\u00ed, ale nen\u00ed to povinn\u00e9.<\/p><p>Pro dodr\u017een\u00ed lh\u016fty pro odstoupen\u00ed posta\u010duje, kdy\u017e n\u00e1m sv\u00e9 sd\u011blen\u00ed o uplatn\u011bn\u00ed pr\u00e1va na odstoupen\u00ed od smlouvy ode\u0161lete p\u0159ed uplynut\u00edm lh\u016fty pro odstoupen\u00ed.<\/p><p><strong>N\u00e1sledky odstoupen\u00ed<\/strong><\/p><p>Jestli\u017ee od t\u00e9to smlouvy odstoup\u00edte, vr\u00e1t\u00edme V\u00e1m v\u0161echny zaplacen\u00e9 \u010d\u00e1stky, kter\u00e9 jsme od V\u00e1s obdr\u017eeli, v\u010detn\u011b n\u00e1klad\u016f na doru\u010den\u00ed (s v\u00fdjimkou zv\u00fd\u0161en\u00fdch n\u00e1klad\u016f vznikl\u00fdch v d\u016fsledku toho, \u017ee zvol\u00edte jin\u00fd typ doru\u010den\u00ed ne\u017e nejm\u00e9n\u011b n\u00e1kladn\u00fd typ standardn\u00edho doru\u010den\u00ed, kter\u00fd nab\u00edz\u00edme), a to bez zbyte\u010dn\u00e9ho prodlen\u00ed a v ka\u017ed\u00e9m p\u0159\u00edpad\u011b nejpozd\u011bji do 14 dn\u016f ode dne, kdy obdr\u017e\u00edme informaci o Va\u0161em rozhodnut\u00ed odstoupit od t\u00e9to smlouvy. Pokud se s V\u00e1mi v\u00fdslovn\u011b nedohodneme jinak, provedeme vr\u00e1cen\u00ed t\u011bchto prost\u0159edk\u016f stejnou platebn\u00ed metodou, kterou jste pou\u017eili pro p\u016fvodn\u00ed transakci; v ka\u017ed\u00e9m p\u0159\u00edpad\u011b V\u00e1m v d\u016fsledku tohoto vr\u00e1cen\u00ed nebudou \u00fa\u010dtov\u00e1ny \u017e\u00e1dn\u00e9 poplatky. Vr\u00e1cen\u00ed \u010d\u00e1stky m\u016f\u017eeme pozdr\u017eet, dokud neobdr\u017e\u00edme zp\u011bt zbo\u017e\u00ed, nebo dokud nedod\u00e1te doklad o tom, \u017ee jste zbo\u017e\u00ed zp\u011bt odeslali, podle toho, co nastane d\u0159\u00edv.<\/p><p>Zbo\u017e\u00ed jste povinni zaslat zp\u011bt nebo jej p\u0159edat n\u00e1m, p\u0159\u00edpadn\u011b spole\u010dnosti PPL bez zbyte\u010dn\u00e9ho odkladu a v ka\u017ed\u00e9m p\u0159\u00edpad\u011b nejpozd\u011bji do 14 dn\u016f ode dne, kdy n\u00e1m sd\u011bl\u00edte, \u017ee od t\u00e9to smlouvy odstupujete. Lh\u016fta je dodr\u017eena, pokud zbo\u017e\u00ed ode\u0161lete zp\u011bt p\u0159ed uplynut\u00edm lh\u016fty 14 dn\u016f.<\/p><p>N\u00e1klady spojen\u00e9 s vr\u00e1cen\u00edm zbo\u017e\u00ed uhrad\u00edme my.<\/p><p>Odpov\u00edd\u00e1te pouze za jak\u00e9koli sn\u00ed\u017een\u00ed hodnoty zbo\u017e\u00ed, ke kter\u00e9mu dojde v d\u016fsledku jin\u00e9 manipulace s n\u00edm, ne\u017e jak\u00e1 je nezbytn\u00e1 s ohledem na jeho povahu, vlastnosti a funkci.<\/p><p><strong>Konec pokyn\u016f pro odstoupen\u00ed od smlouvy<\/strong><\/p><p><strong>Vzorov\u00fd formul\u00e1\u0159 pro odstoupen\u00ed<\/strong><\/p><p>Tento formul\u00e1\u0159 vypl\u0148te a vra\u0165te, pouze pokud si p\u0159ejete od smlouvy odstoupit, a to na adresu:<br \/>Richard Matou\u0161ek, I\u010c:06538444, se s\u00eddlem Praha 4, 14200, Kr\u010d, Trnkov\u00e1 1772\/16, info@ufohry.cz<\/p><p>T\u00edmto oznamuji\/oznamujeme*, \u017ee odstupuji\/odstupujeme* od sv\u00e9 smlouvy:<\/p><p>o koupi n\u00e1sleduj\u00edc\u00edho zbo\u017e\u00ed*:<\/p><p>o poskytnut\u00ed n\u00e1sleduj\u00edc\u00ed slu\u017eby*:<\/p><p>objednan\u00e9ho*\/p\u0159ijat\u00e9* dne:<\/p><p>Jm\u00e9no spot\u0159ebitele (spot\u0159ebitel\u016f):<\/p><p>Adresa spot\u0159ebitele (spot\u0159ebitel\u016f):<\/p><p>Podpis spot\u0159ebitele (spot\u0159ebitel\u016f), (pouze pokud je tento formul\u00e1\u0159 p\u0159ed\u00e1v\u00e1n v ti\u0161t\u011bn\u00e9 podob\u011b):<\/p><p>Datum<\/p><p>________________________________<\/p><p>* Nehod\u00edc\u00ed se \u0161krtn\u011bte.<\/p><ol start=\"3\"><li><strong> Vylou\u010den\u00ed\/z\u00e1nik pr\u00e1va na odstoupen\u00ed od smlouvy:<\/strong><\/li><\/ol><p>Podle \u00a7 1837 \u010desk\u00e9ho ob\u010dansk\u00e9ho z\u00e1kon\u00edku je pr\u00e1vo na odstoupen\u00ed vylou\u010deno zejm\u00e9na u smluv o dod\u00e1vce zbo\u017e\u00ed, kter\u00e9 (a) bylo upraveno podle p\u0159\u00e1n\u00ed spot\u0159ebitele nebo pouze pro jeho osobu nebo (b) kter\u00e9 podl\u00e9h\u00e1 rychl\u00e9 zk\u00e1ze nebo (c) bylo dod\u00e1no v uzav\u0159en\u00e9m obalu, po dod\u00e1n\u00ed bylo z obalu vy\u0148ato a z hygienick\u00fdch d\u016fvod\u016f jej nen\u00ed mo\u017en\u00e9 vr\u00e1tit.<\/p><ol start=\"4\"><li><strong> Dobrovoln\u011b poskytnut\u00e9 pr\u00e1vo na vr\u00e1cen\u00ed do 100 dn\u00ed od p\u0159evzet\u00ed zbo\u017e\u00ed: <\/strong><\/li><\/ol><p>Vedle v\u00fd\u0161e zm\u00edn\u011bn\u00e9ho z\u00e1konn\u00e9ho n\u00e1roku na odstoupen\u00ed od smlouvy V\u00e1m dobrovoln\u011b poskytujeme z\u00e1ruku vr\u00e1cen\u00ed zbo\u017e\u00ed na dobu 100 dn\u016f od p\u0159evzet\u00ed zbo\u017e\u00ed. Smlouvu m\u016f\u017eete zru\u0161it i po uplynut\u00ed 14denn\u00ed lh\u016fty pro odstoupen\u00ed t\u00edm, \u017ee n\u00e1m zbo\u017e\u00ed vr\u00e1t\u00edte do 100 dn\u016f od p\u0159evzet\u00ed (lh\u016fta za\u010d\u00edn\u00e1 dnem n\u00e1sleduj\u00edc\u00edm po doru\u010den\u00ed zbo\u017e\u00ed), pokud je zbo\u017e\u00ed v p\u016fvodn\u00edm obalu, je \u00fapln\u00e9, nen\u00ed pou\u017eit\u00e9 nebo po\u0161kozen\u00e9 a pokud se nejedn\u00e1 o zbo\u017e\u00ed upraven\u00e9 podle p\u0159\u00e1n\u00ed spot\u0159ebitele nebo pro jeho osobu. Pro dodr\u017een\u00ed lh\u016fty posta\u010d\u00ed v\u010dasn\u00e9 odesl\u00e1n\u00ed.<\/p><p><strong>Smluvn\u011b sjednanou dobrovolnou z\u00e1rukou vr\u00e1cen\u00ed nejsou dot\u010dena Va\u0161e z\u00e1konn\u00e1 pr\u00e1va a n\u00e1roky. Zejm\u00e9na m\u016f\u017eete beze zm\u011bn vyu\u017e\u00edt sv\u00e9 z\u00e1konn\u00e9 pr\u00e1vo na odstoupen\u00ed a sv\u00e1 z\u00e1konn\u00e1 z\u00e1ru\u010dn\u00ed pr\u00e1va.<\/strong><\/p><ol start=\"5\"><li><strong> Doprava:<\/strong><\/li><\/ol><p>Dod\u00e1n\u00ed je v z\u00e1sad\u011b platn\u00e9 pouze v \u010cesk\u00e9 republice. Obecn\u011b plat\u00ed, \u017ee zas\u00edl\u00e1n\u00ed zaji\u0161\u0165uje spole\u010dnost PPL. Zbo\u017e\u00ed je vyd\u00e1v\u00e1no v mno\u017estv\u00ed b\u011b\u017en\u00e9m pro dom\u00e1cnost a pouze koncov\u00fdm spot\u0159ebitel\u016fm.<\/p><ol start=\"6\"><li><strong> Z\u00e1ruka:<\/strong><\/li><\/ol><p>6.1 Pokud m\u00e1 dodan\u00e9 zbo\u017e\u00ed zjevn\u00e9 materi\u00e1lov\u00e9 nebo v\u00fdrobn\u00ed vady, v\u010detn\u011b po\u0161kozen\u00ed vznikl\u00e9ho p\u0159i p\u0159eprav\u011b, podejte st\u00ed\u017enost ohledn\u011b takov\u00e9ho po\u0161kozen\u00ed bu\u010f u n\u00e1s, nebo u zam\u011bstnance PPL, kter\u00fd zbo\u017e\u00ed doru\u010duje, a to ihned po p\u0159ed\u00e1n\u00ed zbo\u017e\u00ed. Pokud v\u0161ak st\u00ed\u017enost nepod\u00e1te, nem\u00e1 to \u017e\u00e1dn\u00fd vliv na Va\u0161e z\u00e1konn\u00e9 n\u00e1roky.<\/p><p>6.2 Zaru\u010dujeme V\u00e1m, \u017ee zbo\u017e\u00ed je v okam\u017eiku, kdy je V\u00e1m doru\u010deno, bez vad. Zaru\u010dujeme V\u00e1m zejm\u00e9na, \u017ee v okam\u017eiku, kdy zbo\u017e\u00ed p\u0159evezmete:<\/p><ol><li>m\u00e1 zbo\u017e\u00ed vlastnosti, na kter\u00fdch se strany dohodly, nebo (pokud dohody dosa\u017eeno nebylo) vlastnosti, kter\u00e9 my nebo v\u00fdrobce popisujeme nebo kter\u00e9 o\u010dek\u00e1v\u00e1te s ohledem na povahu zbo\u017e\u00ed a na p\u0159\u00edslu\u0161nou reklamu;<\/li><li>zbo\u017e\u00ed lze pou\u017e\u00edt pro \u00fa\u010dely, kter\u00e9 uv\u00e1d\u00edme, nebo pro \u00fa\u010dely, ke kter\u00fdm je zbo\u017e\u00ed takov\u00e9ho druhu obvykle pou\u017e\u00edv\u00e1no;<\/li><li>zbo\u017e\u00ed je poskytov\u00e1no v odpov\u00eddaj\u00edc\u00edm mno\u017estv\u00ed, velikosti nebo hmotnosti;<\/li><li>zbo\u017e\u00ed odpov\u00edd\u00e1 z\u00e1konn\u00fdm po\u017eadavk\u016fm.<\/li><\/ol><p>Jestli\u017ee jsou z\u00e1vady zbo\u017e\u00ed zji\u0161t\u011bny do \u0161esti m\u011bs\u00edc\u016f od okam\u017eiku, kdy jej obdr\u017e\u00edte, m\u00e1 se za to, \u017ee zbo\u017e\u00ed bylo vadn\u00e9 u\u017e v okam\u017eiku, kdy V\u00e1m bylo doru\u010deno.<\/p><p>Nen\u00ed-li stanoveno jinak, m\u016f\u017eete vadn\u00e9 zbo\u017e\u00ed reklamovat do 24 m\u011bs\u00edc\u016f od doru\u010den\u00ed. To neplat\u00ed pro:<\/p><ol><li>vady spojen\u00e9 se slevou;<\/li><li>b\u011b\u017en\u00e9 opot\u0159eben\u00ed;<\/li><li>vady zp\u016fsoben\u00e9 b\u011b\u017en\u00fdm u\u017e\u00edv\u00e1n\u00edm nebo opot\u0159eben\u00edm a zjevn\u00e9 v okam\u017eiku, kdy jste zbo\u017e\u00ed p\u0159evzali; nebo<\/li><li>p\u0159\u00edpady vylou\u010den\u00e9 vzhledem k povaze zbo\u017e\u00ed.<\/li><\/ol><p>6.3 Jestli\u017ee vadn\u00e9 pln\u011bn\u00ed p\u0159edstavuje podstatn\u00e9 poru\u0161en\u00ed smlouvy, m\u016f\u017eete:<\/p><ol><li>po\u017eadovat odstran\u011bn\u00ed vady doru\u010den\u00edm nov\u00e9ho zbo\u017e\u00ed bez vady nebo chyb\u011bj\u00edc\u00ed \u010d\u00e1sti;<\/li><li>po\u017eadovat odstran\u011bn\u00ed vady opravou;<\/li><li>z\u00edskat p\u0159im\u011b\u0159enou slevu z kupn\u00ed ceny; nebo<\/li><li>odstoupit od smlouvy.<\/li><\/ol><p>P\u0159i ozn\u00e1men\u00ed konkr\u00e9tn\u00ed vady jste povinni n\u00e1s informovat o tom, kterou z v\u00fd\u0161e uveden\u00fdch mo\u017enost\u00ed jste zvolili, a to bu\u010f ihned, nebo bez zbyte\u010dn\u00e9ho odkladu.<\/p><p>Pokud si \u017e\u00e1dnou z v\u00fd\u0161e zm\u00edn\u011bn\u00fdch mo\u017enost\u00ed nezvol\u00edte, uplatn\u00ed se pr\u00e1va vypl\u00fdvaj\u00edc\u00ed z nepodstatn\u00e9ho poru\u0161en\u00ed \u2013 viz n\u00ed\u017ee.<\/p><p>Vedle p\u0159\u00edpad\u016f, kdy nejsme schopni dodat nov\u00e9 zbo\u017e\u00ed bez vad, vym\u011bnit jeho sou\u010d\u00e1st nebo zbo\u017e\u00ed opravit, m\u00e1te jako spot\u0159ebitel n\u00e1rok na p\u0159im\u011b\u0159enou slevu tak\u00e9, pokud nezjedn\u00e1me n\u00e1pravu v p\u0159im\u011b\u0159en\u00e9 dob\u011b nebo pokud by V\u00e1m zjedn\u00e1n\u00ed n\u00e1pravy p\u016fsobilo zna\u010dn\u00e9 obt\u00ed\u017ee.<\/p><p>6.4 Je-li vadn\u00e9 pln\u011bn\u00ed nepodstatn\u00fdm poru\u0161en\u00edm, m\u00e1te pr\u00e1vo po\u017eadovat odstran\u011bn\u00ed vady nebo p\u0159im\u011b\u0159enou slevu z kupn\u00ed ceny.<\/p><p>Jestli\u017ee vadu v\u010das neodstran\u00edme nebo ji odstranit odm\u00edtneme, m\u016f\u017eete uplatnit n\u00e1rok na p\u0159im\u011b\u0159enou slevu z kupn\u00ed ceny nebo odstoupit od smlouvy; takto zvolenou mo\u017enost je pak mo\u017en\u00e9 zm\u011bnit pouze s na\u0161\u00edm souhlasem. 6.5 N\u00e1rok na odstran\u011bn\u00ed vady dod\u00e1n\u00edm nov\u00e9 v\u011bci nebo v\u00fdm\u011bnou jej\u00ed sou\u010d\u00e1sti m\u016f\u017eete uplatnit i v p\u0159\u00edpadech, kdy je mo\u017en\u00e9 vadu odstranit, ale zbo\u017e\u00ed nen\u00ed mo\u017en\u00e9 pou\u017e\u00edvat vzhledem k opakovan\u00e9mu v\u00fdskytu vady po oprav\u011b nebo k velk\u00e9mu po\u010dtu vad. V takov\u00fdch p\u0159\u00edpadech sm\u00edte a m\u016f\u017eete od smlouvy odstoupit.<\/p><p>6.5 N\u00e1rok na odstran\u011bn\u00ed vady dod\u00e1n\u00edm nov\u00e9 v\u011bci nebo v\u00fdm\u011bnou jej\u00ed sou\u010d\u00e1sti m\u016f\u017eete uplatnit i v p\u0159\u00edpadech, kdy je mo\u017en\u00e9 vadu odstranit, ale zbo\u017e\u00ed nen\u00ed mo\u017en\u00e9 pou\u017e\u00edvat vzhledem k opakovan\u00e9mu v\u00fdskytu vady po oprav\u011b nebo k velk\u00e9mu po\u010dtu vad. V takov\u00fdch p\u0159\u00edpadech sm\u00edte a m\u016f\u017eete od smlouvy odstoupit.<\/p><p>Jestli\u017ee vadu neohl\u00e1s\u00edte bez zbyte\u010dn\u00e9ho odkladu pot\u00e9, co jste ji p\u0159i \u0159\u00e1dn\u00e9 prohl\u00eddce a s vynalo\u017een\u00edm dostate\u010dn\u00e9 p\u00e9\u010de zjistit mohli, soud V\u00e1m pr\u00e1va z vadn\u00e9ho nep\u0159izn\u00e1. Tot\u00e9\u017e plat\u00ed i pro skrytou vadu, kter\u00e1 nebyla ozn\u00e1mena bez zbyte\u010dn\u00e9ho odkladu pot\u00e9, co jste vadu p\u0159i prohl\u00eddce s vynalo\u017een\u00edm dostate\u010dn\u00e9 p\u00e9\u010de zjistit mohli, nejpozd\u011bji v\u0161ak do dvou let od okam\u017eiku, kdy V\u00e1m bylo zbo\u017e\u00ed doru\u010deno.<\/p><p>6.6 Poskytnut\u00edm z\u00e1ruky na jakost se zavazujeme, \u017ee p\u0159\u00edslu\u0161n\u00e9 zbo\u017e\u00ed bude zp\u016fsobil\u00e9 pro obvykl\u00e9 \u00fa\u010dely nebo si zachov\u00e1 obvykl\u00e9 vlastnosti.<\/p><p>Z\u00e1ru\u010dn\u00ed doba b\u011b\u017e\u00ed ode dne, kdy je V\u00e1m zbo\u017e\u00ed dod\u00e1no. Jestli\u017ee V\u00e1m zbo\u017e\u00ed bylo podle smlouvy zasl\u00e1no, b\u011b\u017e\u00ed z\u00e1ru\u010dn\u00ed doba teprve ode dne odesl\u00e1n\u00ed zbo\u017e\u00ed na ur\u010den\u00e9 m\u00edsto. Jestli\u017ee m\u00e1 zakoupen\u00e9 zbo\u017e\u00ed uv\u00e9st do provozu jin\u00e1 osoba ne\u017e my, za\u010d\u00edn\u00e1 z\u00e1ru\u010dn\u00ed doba teprve dnem, kdy je zbo\u017e\u00ed uvedeno do provozu, a to pod podm\u00ednkou, \u017ee p\u0159\u00edslu\u0161nou slu\u017ebu uveden\u00ed zbo\u017e\u00ed do provozu objedn\u00e1te nejpozd\u011bji do t\u0159\u00ed t\u00fddn\u016f po obdr\u017een\u00ed zbo\u017e\u00ed a \u017ee poskytnete nezbytnou pomoc a sou\u010dinnost pot\u0159ebnou k proveden\u00ed slu\u017eby.<\/p><ol start=\"7\"><li><strong> N\u00e1klady na dopravu:<\/strong><\/li><\/ol><p>Va\u0161e objedn\u00e1vka u spole\u010dnosti UFOHRY je dopravov\u00e1na za 150 K\u010d.<\/p><ol start=\"8\"><li><strong> Platba:<\/strong><\/li><\/ol><p>Prod\u00e1vaj\u00edc\u00ed akceptuje n\u00e1sleduj\u00edc\u00ed platebn\u00ed podm\u00ednky:<\/p><ol><li>a) Platba p\u0159evodem \u2013 po dokon\u010den\u00ed objedn\u00e1vky se z\u00e1kazn\u00edkovi zobraz\u00ed \u00fadaje pot\u0159ebn\u00e9 pro realizaci platby bankovn\u00edm p\u0159evodem na \u00fa\u010det spole\u010dnosti Richard Matou\u0161ek (variabiln\u00ed, specifick\u00fd a konstantn\u00ed symbol, \u010d\u00edslo \u00fa\u010dtu), tyto \u00fadaje jsou z\u00e1kazn\u00edkovi zasl\u00e1ny v e-mailov\u00e9 zpr\u00e1v\u011b potvrzuj\u00edc\u00ed objedn\u00e1vku. Platba je obvykle p\u0159ips\u00e1na na bankovn\u00ed \u00fa\u010det spole\u010dnosti Richard Matou\u0161ek b\u011bhem jednoho a\u017e dvou pracovn\u00edch dn\u016f od proveden\u00ed transakce, av\u0161ak p\u0159evod m\u016f\u017ee trvat i d\u00e9le. Za den \u00fahrady je pova\u017eov\u00e1n den, v n\u011bm\u017e je p\u0159ips\u00e1na p\u0159\u00edslu\u0161n\u00e1 \u010d\u00e1stka pod spr\u00e1vn\u00fdm variabiln\u00edm a specifick\u00fdm symbolem na bankovn\u00ed \u00fa\u010det spole\u010dnosti Richard Matou\u0161ek.\u00a0<\/li><li>b) Platba na dob\u00edrku \u2013 pokud z\u00e1kazn\u00edk v objedn\u00e1vce zvol\u00ed doru\u010den\u00ed produktu na dob\u00edrku, uhrad\u00ed cenu v\u010detn\u011b po\u0161tovn\u00e9ho a \u00fahrady za dob\u00edrku p\u0159i doru\u010den\u00ed produktu.<\/li><li>c) Platba v\u00a0hotovosti spole\u010dnosti UFOHRY na adrese U Nikolajky 912\/9, Praha 5, 15000, p\u0159i p\u0159ed\u00e1n\u00ed<\/li><li><strong> Ceny:<\/strong><\/li><\/ol><p>Na\u0161e ceny jsou uvedeny v m\u011bn\u011b CZK a zahrnuj\u00ed DPH v z\u00e1konem stanoven\u00e9 v\u00fd\u0161i.<\/p><ol start=\"10\"><li><strong> V\u00fdhrada vlastnictv\u00ed:<\/strong><\/li><\/ol><p>Zbo\u017e\u00ed z\u016fst\u00e1v\u00e1 na\u0161\u00edm majetkem a\u017e do zaplacen\u00ed ceny v pln\u00e9 v\u00fd\u0161i.<\/p><ol start=\"11\"><li><strong> Elektronick\u00e1 komunikace:<\/strong><\/li><\/ol><p>Souhlas\u00edte s t\u00edm, \u017ee komunikace souvisej\u00edc\u00ed s Va\u0161\u00ed smlouvou m\u016f\u017ee prob\u00edhat elektronicky.<\/p><ol start=\"12\"><li><strong> Mimosoudn\u00ed \u0159e\u0161en\u00ed spor\u016f:<\/strong><\/li><\/ol><p>Sv\u00e9 st\u00ed\u017enosti m\u016f\u017eete adresovat p\u0159\u00edslu\u0161n\u00fdm org\u00e1n\u016fm ve\u0159ejn\u00e9 spr\u00e1vy, kter\u00e9 jsou pov\u011b\u0159eny ochranou spot\u0159ebitel\u016f, nap\u0159\u00edklad \u010cesk\u00e9 obchodn\u00ed inspekci. M\u016f\u017eete tak\u00e9 vyu\u017e\u00edt postupy mimosoudn\u00edho \u0159e\u0161en\u00ed spor\u016f \u010cesk\u00e9 obchodn\u00ed inspekce, nebo online platformy pro alternativn\u00ed \u0159e\u0161en\u00ed spor\u016f nab\u00edzen\u00e9 Evropskou komis\u00ed na jedn\u00e9 z online platforem, kter\u00e9 jsou dostupn\u00e9 skrze n\u00e1sleduj\u00edc\u00ed odkaz http:\/\/ec.europa.eu\/consumers\/odr\/<\/p><ol start=\"13\"><li><strong> Vylou\u010den\u00ed odpov\u011bdnosti za odkazy t\u0159et\u00edch osob:<\/strong><\/li><\/ol><p>Na na\u0161ich str\u00e1nk\u00e1ch pou\u017e\u00edv\u00e1me odkazy vedouc\u00ed na jin\u00e9 internetov\u00e9 str\u00e1nky. U v\u0161ech t\u011bchto odkaz\u016f plat\u00ed: V\u00fdslovn\u011b uv\u00e1d\u00edme, \u017ee nem\u00e1me \u017e\u00e1dn\u00fd vliv na styl a obsah odkazovan\u00fdch str\u00e1nek. T\u00edmto se tedy v\u00fdslovn\u011b distancujeme od ve\u0161ker\u00e9ho obsahu na v\u0161ech odkazovan\u00fdch str\u00e1nk\u00e1ch jin\u00fdch osob a nep\u0159ij\u00edm\u00e1me tento obsah za vlastn\u00ed. Toto prohl\u00e1\u0161en\u00ed plat\u00ed pro v\u0161echny zobrazovan\u00e9 odkazy a pro ve\u0161ker\u00fd obsah str\u00e1nek, na n\u011b\u017e odkazy vedou.<\/p><ol start=\"14\"><li><strong> Jazyk smlouvy \/ ulo\u017een\u00ed textu objedn\u00e1vky:<\/strong><\/li><\/ol><p>Smlouva se uzav\u00edr\u00e1 v \u010desk\u00e9m jazyce. Text objedn\u00e1vky u n\u00e1s nen\u00ed ulo\u017een a po dokon\u010den\u00ed procesu objedn\u00e1vky k n\u011bmu ji\u017e nelze z\u00edskat p\u0159\u00edstup. Text sv\u00e9 objedn\u00e1vky si ale ihned po jej\u00edm odesl\u00e1n\u00ed m\u016f\u017eete vytisknout.<\/p><ol start=\"15\"><li><strong> Pr\u00e1va k fotografi\u00edm<\/strong><\/li><\/ol><p>Ve\u0161ker\u00e1 pr\u00e1va k fotografi\u00edm pat\u0159\u00ed spole\u010dnosti UFOHRY. Jejich u\u017eit\u00ed bez v\u00fdslovn\u00e9ho p\u0159edchoz\u00edho souhlasu nen\u00ed dovoleno.<\/p><ol start=\"16\"><li><strong> Informace o prod\u00e1vaj\u00edc\u00edm<\/strong><\/li><\/ol><p>Mat\u011bj Jedli\u010dka<br \/>I\u010c:06538444<\/p><p>Tel.: CZ +420 774240434<\/p><p>se s\u00eddlem: Praha 4, 142 00, Kr\u010d, Trnkov\u00e1 1772\/16<br \/>e-mail: <a href=\"mailto:info@ufohry.cz\">info@ufohry.cz<\/a><\/p><p>\u010d\u00edslo \u00fa\u010dtu: 2601338460 \/ 2010<\/p><p>Banka: Fio a. s.<\/p><p>Verze: \u010derven 2025<\/p>\t\t\t\t\t\t\t\t<\/div>\n\t\t\t\t\t<\/div>\n\t\t\t\t<\/div>\n\t\t\t\t<\/div>","protected":false},"excerpt":{"rendered":"<p>V\u0161eobecn\u00e9 obchodn\u00ed podm\u00ednky Na\u0161e obchodn\u00ed podm\u00ednky: Zde najdete d\u016fle\u017eit\u00e9 informace o n\u00e1kupech u ufohry.cz. Uzav\u0159en\u00ed smlouvy: Prezentace zbo\u017e\u00ed v internetov\u00e9m [&hellip;]<\/p>","protected":false},"author":2,"featured_media":0,"parent":0,"menu_order":0,"comment_status":"closed","ping_status":"closed","template":"","meta":{"site-sidebar-layout":"default","site-content-layout":"","ast-site-content-layout":"default","site-content-style":"default","site-sidebar-style":"default","ast-global-header-display":"","ast-banner-title-visibility":"","ast-main-header-display":"","ast-hfb-above-header-display":"","ast-hfb-below-header-display":"","ast-hfb-mobile-header-display":"","site-post-title":"","ast-breadcrumbs-content":"","ast-featured-img":"","footer-sml-layout":"","ast-disable-related-posts":"","theme-transparent-header-meta":"","adv-header-id-meta":"","stick-header-meta":"","header-above-stick-meta":"","header-main-stick-meta":"","header-below-stick-meta":"","astra-migrate-meta-layouts":"default","ast-page-background-enabled":"default","ast-page-background-meta":{"desktop":{"background-color":"var(--ast-global-color-5)","background-image":"","background-repeat":"repeat","background-position":"center center","background-size":"auto","background-attachment":"scroll","background-type":"","background-media":"","overlay-type":"","overlay-color":"","overlay-opacity":"","overlay-gradient":""},"tablet":{"background-color":"","background-image":"","background-repeat":"repeat","background-position":"center center","background-size":"auto","background-attachment":"scroll","background-type":"","background-media":"","overlay-type":"","overlay-color":"","overlay-opacity":"","overlay-gradient":""},"mobile":{"background-color":"","background-image":"","background-repeat":"repeat","background-position":"center center","background-size":"auto","background-attachment":"scroll","background-type":"","background-media":"","overlay-type":"","overlay-color":"","overlay-opacity":"","overlay-gradient":""}},"ast-content-background-meta":{"desktop":{"background-color":"var(--ast-global-color-4)","background-image":"","background-repeat":"repeat","background-position":"center center","background-size":"auto","background-attachment":"scroll","background-type":"","background-media":"","overlay-type":"","overlay-color":"","overlay-opacity":"","overlay-gradient":""},"tablet":{"background-color":"var(--ast-global-color-4)","background-image":"","background-repeat":"repeat","background-position":"center center","background-size":"auto","background-attachment":"scroll","background-type":"","background-media":"","overlay-type":"","overlay-color":"","overlay-opacity":"","overlay-gradient":""},"mobile":{"background-color":"var(--ast-global-color-4)","background-image":"","background-repeat":"repeat","background-position":"center center","background-size":"auto","background-attachment":"scroll","background-type":"","background-media":"","overlay-type":"","overlay-color":"","overlay-opacity":"","overlay-gradient":""}},"footnotes":""},"class_list":["post-21","page","type-page","status-publish","hentry"],"jetpack_sharing_enabled":true,"_links":{"self":[{"href":"https:\/\/ufohry.cz\/en\/wp-json\/wp\/v2\/pages\/21","targetHints":{"allow":["GET"]}}],"collection":[{"href":"https:\/\/ufohry.cz\/en\/wp-json\/wp\/v2\/pages"}],"about":[{"href":"https:\/\/ufohry.cz\/en\/wp-json\/wp\/v2\/types\/page"}],"author":[{"embeddable":true,"href":"https:\/\/ufohry.cz\/en\/wp-json\/wp\/v2\/users\/2"}],"replies":[{"embeddable":true,"href":"https:\/\/ufohry.cz\/en\/wp-json\/wp\/v2\/comments?post=21"}],"version-history":[{"count":8,"href":"https:\/\/ufohry.cz\/en\/wp-json\/wp\/v2\/pages\/21\/revisions"}],"predecessor-version":[{"id":486,"href":"https:\/\/ufohry.cz\/en\/wp-json\/wp\/v2\/pages\/21\/revisions\/486"}],"wp:attachment":[{"href":"https:\/\/ufohry.cz\/en\/wp-json\/wp\/v2\/media?parent=21"}],"curies":[{"name":"wp","href":"https:\/\/api.w.org\/{rel}","templated":true}]}}