{"id":334,"date":"2025-05-07T11:47:46","date_gmt":"2025-05-07T11:47:46","guid":{"rendered":"https:\/\/ufohry.cz\/?post_type=product&#038;p=334"},"modified":"2026-04-21T15:08:46","modified_gmt":"2026-04-21T15:08:46","slug":"shut-the-box","status":"publish","type":"product","link":"https:\/\/ufohry.cz\/cs_cz\/produkt\/shut-the-box\/","title":{"rendered":"Shut the Box"},"content":{"rendered":"<p>Ve h\u0159e pro libovoln\u00fd po\u010det hr\u00e1\u010d\u016f je c\u00edlem hry oto\u010dit v\u0161echny \u010d\u00edsla (1-9) pomoc\u00ed dvou kostek.<\/p>\n<p>Ot\u00e1\u010det lze pomoc\u00ed hodu dv\u011bma kostkami, kdy m\u016f\u017eu oto\u010dit v\u017edy jedno \u010d\u00edslo podle jedn\u00e9 kostky, nebo jedno \u010d\u00edslo podle sou\u010dtu obou kostek, rozhodnut\u00ed je na V\u00e1s. Vyhr\u00e1v\u00e1 hr\u00e1\u010d kter\u00fd oto\u010d\u00ed co nejv\u00edce pol\u00ed\u010dek a m\u00e1 nejni\u017e\u0161\u00ed po\u010det trestn\u00fdch bod\u016f, nebo tak\u00e9 t\u0159eba v\u016fbec \u017e\u00e1dn\u00fd<\/p>\n","protected":false},"excerpt":{"rendered":"<p>Star\u00e1 anglick\u00e1 hazardn\u00ed hra<\/p>\n<p>Na tomto odkazu si m\u016f\u017eete vyzkou\u0161et mimo klasick\u00e9 z\u00e1kladn\u00ed hry i dal\u0161\u00ed varianty <a href=\"https:\/\/ufohry.cz\/wp-content\/uploads\/2025\/05\/BOX31.html\" target=\"_blank\" rel=\"noopener\">SHUT THE BOX<\/a><\/p>\n","protected":false},"featured_media":269,"comment_status":"open","ping_status":"closed","template":"","meta":{"site-sidebar-layout":"default","site-content-layout":"","ast-site-content-layout":"default","site-content-style":"default","site-sidebar-style":"default","ast-global-header-display":"","ast-banner-title-visibility":"","ast-main-header-display":"","ast-hfb-above-header-display":"","ast-hfb-below-header-display":"","ast-hfb-mobile-header-display":"","site-post-title":"","ast-breadcrumbs-content":"","ast-featured-img":"","footer-sml-layout":"","ast-disable-related-posts":"","theme-transparent-header-meta":"default","adv-header-id-meta":"","stick-header-meta":"","header-above-stick-meta":"","header-main-stick-meta":"","header-below-stick-meta":"","astra-migrate-meta-layouts":"set","ast-page-background-enabled":"default","ast-page-background-meta":{"desktop":{"background-color":"var(--ast-global-color-5)","background-image":"","background-repeat":"repeat","background-position":"center center","background-size":"auto","background-attachment":"scroll","background-type":"","background-media":"","overlay-type":"","overlay-color":"","overlay-opacity":"","overlay-gradient":""},"tablet":{"background-color":"","background-image":"","background-repeat":"repeat","background-position":"center center","background-size":"auto","background-attachment":"scroll","background-type":"","background-media":"","overlay-type":"","overlay-color":"","overlay-opacity":"","overlay-gradient":""},"mobile":{"background-color":"","background-image":"","background-repeat":"repeat","background-position":"center center","background-size":"auto","background-attachment":"scroll","background-type":"","background-media":"","overlay-type":"","overlay-color":"","overlay-opacity":"","overlay-gradient":""}},"ast-content-background-meta":{"desktop":{"background-color":"var(--ast-global-color-4)","background-image":"","background-repeat":"repeat","background-position":"center center","background-size":"auto","background-attachment":"scroll","background-type":"","background-media":"","overlay-type":"","overlay-color":"","overlay-opacity":"","overlay-gradient":""},"tablet":{"background-color":"var(--ast-global-color-4)","background-image":"","background-repeat":"repeat","background-position":"center center","background-size":"auto","background-attachment":"scroll","background-type":"","background-media":"","overlay-type":"","overlay-color":"","overlay-opacity":"","overlay-gradient":""},"mobile":{"background-color":"var(--ast-global-color-4)","background-image":"","background-repeat":"repeat","background-position":"center center","background-size":"auto","background-attachment":"scroll","background-type":"","background-media":"","overlay-type":"","overlay-color":"","overlay-opacity":"","overlay-gradient":""}}},"product_brand":[],"product_cat":[26],"product_tag":[],"class_list":{"0":"post-334","1":"product","2":"type-product","3":"status-publish","4":"has-post-thumbnail","6":"product_cat-kostky-hry","7":"desktop-align-left","8":"tablet-align-left","9":"mobile-align-left","11":"first","12":"instock","13":"shipping-taxable","14":"purchasable","15":"product-type-simple"},"jetpack_sharing_enabled":true,"_links":{"self":[{"href":"https:\/\/ufohry.cz\/cs_cz\/wp-json\/wp\/v2\/product\/334","targetHints":{"allow":["GET"]}}],"collection":[{"href":"https:\/\/ufohry.cz\/cs_cz\/wp-json\/wp\/v2\/product"}],"about":[{"href":"https:\/\/ufohry.cz\/cs_cz\/wp-json\/wp\/v2\/types\/product"}],"replies":[{"embeddable":true,"href":"https:\/\/ufohry.cz\/cs_cz\/wp-json\/wp\/v2\/comments?post=334"}],"wp:featuredmedia":[{"embeddable":true,"href":"https:\/\/ufohry.cz\/cs_cz\/wp-json\/wp\/v2\/media\/269"}],"wp:attachment":[{"href":"https:\/\/ufohry.cz\/cs_cz\/wp-json\/wp\/v2\/media?parent=334"}],"wp:term":[{"taxonomy":"product_brand","embeddable":true,"href":"https:\/\/ufohry.cz\/cs_cz\/wp-json\/wp\/v2\/product_brand?post=334"},{"taxonomy":"product_cat","embeddable":true,"href":"https:\/\/ufohry.cz\/cs_cz\/wp-json\/wp\/v2\/product_cat?post=334"},{"taxonomy":"product_tag","embeddable":true,"href":"https:\/\/ufohry.cz\/cs_cz\/wp-json\/wp\/v2\/product_tag?post=334"}],"curies":[{"name":"wp","href":"https:\/\/api.w.org\/{rel}","templated":true}]}}