{"id":330,"date":"2025-05-07T10:31:50","date_gmt":"2025-05-07T10:31:50","guid":{"rendered":"https:\/\/ufohry.cz\/?post_type=product&#038;p=330"},"modified":"2026-05-05T13:46:59","modified_gmt":"2026-05-05T13:46:59","slug":"karty","status":"publish","type":"product","link":"https:\/\/ufohry.cz\/cs_cz\/produkt\/karty\/","title":{"rendered":"UFO KARTY"},"content":{"rendered":"<p>Podle varianty m\u016f\u017eete hr\u00e1t r\u016fzn\u00e9 hry.<\/p>\n<p><strong>UFO:<\/strong> varianta ve kter\u00e9 se vyskytuje pouze hra UFO KARTY<\/p>\n<p><strong>PETRxo:<\/strong> varianta ve kter\u00e9 se vyskytuj\u00ed obr\u00e1zky ze hry UFO KARTY ale jedn\u00e1 se o klasick\u00e9 pexeso s mo\u017enost\u00ed hr\u00e1t tak\u00e9 hru \u010cern\u00fd Petr<\/p>\n<p><strong>UFO POKER:<\/strong> klasick\u00fd poker bal\u00ed\u010dek na motivy UFO KARET<\/p>\n<p><strong>UFO+100 HER:<\/strong> bal\u00ed\u010dek karet se kter\u00fdm lze hr\u00e1t klasick\u00e9 UFO KARTY nebo dal\u0161\u00ed ze sta r\u016fzn\u00fdch her, jedn\u00e1 se tedy o soubor her<\/p>\n<p>A pokud si nejste jist\u00ed, jak by V\u00e1m tato hra \u0161la, vyzkou\u0161ejte si j\u00ed p\u0159edt\u00edm <a href=\"https:\/\/ufohry.cz\/wp-content\/uploads\/2025\/05\/U123.html\" target=\"_blank\" rel=\"noopener\">ZDE<\/a><\/p>\n","protected":false},"excerpt":{"rendered":"<p><strong>Joo!?! UFO KARTY<\/strong>, to je ten jinej vesm\u00edr, o kterym tady po\u0159\u00e1d vypr\u00e1v\u00edme.<\/p>\n<p>Bohu\u017eel my neb\u00fdt z tohoto sv\u011bta. guah. \u0158ekly karty.<\/p>\n<p><strong>A co se d\u011blo d\u00e1l str\u00fd\u010dku Ufoune?<\/strong><\/p>\n<p>Vezmeme to hezky po po\u0159\u00e1dku mil\u00ed pozem\u0161\u0165\u00e1nci. Karty to je takov\u00e1 srdcovka n\u00e1s autor\u016f, teda Ufoun\u016f. V t\u00fdhle h\u0159e je v\u0161echno po \u010dem tou\u017e\u00ed oko v\u0161ech pozem\u0161\u0165an\u016f, a jeliko\u017e, co jsme tak zjistili, jsou o\u010di u pra\u010dlov\u011bk\u016f na hlav\u011b, tak\u00a0 zaj\u00edmaj\u00ed i mysl tedy mozek a tak n\u011bjak v\u0161echno kolem n\u011bj, city, blafov\u00e1n\u00ed, nad\u011bji, nap\u011bt\u00ed a tak\u00e9, jak s l\u00e1skou \u0159\u00edkaj\u00ed pozem\u0161\u0165an\u00e9 a my se tomu ve vesm\u00edru s jist\u00fdm v\u011bdom\u00edm hrozn\u011b sm\u011bjeme, tak\u00e9 n\u00e1hodu.<\/p>\n<p><strong>No a tohle je v\u0161echno v t\u00fdhle h\u0159e, kterou pro v\u00e1s stvo\u0159il vesm\u00edr s\u00e1m.<\/strong><\/p>\n<p>Jen poj\u010f m\u011bs\u00ed\u010dku ke slun\u00ed\u010dku. Jehe safry\u0161 to je takov\u00fd na\u0161e, jak \u0159\u00edk\u00e1te po\u0159ekad\u00fdlko jenom&#8230;<\/p>\n<p><strong>M\u00e1 to ale h\u00e1\u010dek, mus\u00ed se p\u0159e\u010d\u00edst pravidla, a tak n\u011bjak se to prost\u011b nau\u010dit. Ale co jsme lety pr\u016fzkumu, pozorov\u00e1n\u00ed a n\u011bkdy i sledov\u00e1n\u00ed zjistili, nau\u010d\u00ed se to i b\u011b\u017enej tupec, teda pra\u010dlov\u011bk, sakry\u0161 korektn\u011b pozem\u0161\u0165an.<\/strong><\/p>\n<p>My, jak l\u00edt\u00e1me prostorem a \u010dasem, tak jsme prost\u011b trochu jinde a jindy.<\/p>\n<p><strong>Ale rad\u00edme V\u00e1m?<\/strong><\/p>\n<p><strong>NECHTE SE UN\u00c9ST!<\/strong><\/p>\n<h6><strong>A pokud si nejste jist\u00ed, jak by V\u00e1m tato hra \u0161la, vyzkou\u0161ejte si j\u00ed p\u0159edt\u00edm <a href=\"https:\/\/ufohry.cz\/wp-content\/uploads\/2025\/05\/U123.html\" target=\"_blank\" rel=\"noopener\">ZDE<\/a><\/strong><\/h6>\n","protected":false},"featured_media":306,"comment_status":"closed","ping_status":"closed","template":"","meta":{"site-sidebar-layout":"default","site-content-layout":"","ast-site-content-layout":"default","site-content-style":"default","site-sidebar-style":"default","ast-global-header-display":"","ast-banner-title-visibility":"","ast-main-header-display":"","ast-hfb-above-header-display":"","ast-hfb-below-header-display":"","ast-hfb-mobile-header-display":"","site-post-title":"","ast-breadcrumbs-content":"","ast-featured-img":"","footer-sml-layout":"","ast-disable-related-posts":"","theme-transparent-header-meta":"default","adv-header-id-meta":"","stick-header-meta":"","header-above-stick-meta":"","header-main-stick-meta":"","header-below-stick-meta":"","astra-migrate-meta-layouts":"set","ast-page-background-enabled":"default","ast-page-background-meta":{"desktop":{"background-color":"var(--ast-global-color-5)","background-image":"","background-repeat":"repeat","background-position":"center center","background-size":"auto","background-attachment":"scroll","background-type":"","background-media":"","overlay-type":"","overlay-color":"","overlay-opacity":"","overlay-gradient":""},"tablet":{"background-color":"","background-image":"","background-repeat":"repeat","background-position":"center center","background-size":"auto","background-attachment":"scroll","background-type":"","background-media":"","overlay-type":"","overlay-color":"","overlay-opacity":"","overlay-gradient":""},"mobile":{"background-color":"","background-image":"","background-repeat":"repeat","background-position":"center center","background-size":"auto","background-attachment":"scroll","background-type":"","background-media":"","overlay-type":"","overlay-color":"","overlay-opacity":"","overlay-gradient":""}},"ast-content-background-meta":{"desktop":{"background-color":"var(--ast-global-color-4)","background-image":"","background-repeat":"repeat","background-position":"center center","background-size":"auto","background-attachment":"scroll","background-type":"","background-media":"","overlay-type":"","overlay-color":"","overlay-opacity":"","overlay-gradient":""},"tablet":{"background-color":"var(--ast-global-color-4)","background-image":"","background-repeat":"repeat","background-position":"center center","background-size":"auto","background-attachment":"scroll","background-type":"","background-media":"","overlay-type":"","overlay-color":"","overlay-opacity":"","overlay-gradient":""},"mobile":{"background-color":"var(--ast-global-color-4)","background-image":"","background-repeat":"repeat","background-position":"center center","background-size":"auto","background-attachment":"scroll","background-type":"","background-media":"","overlay-type":"","overlay-color":"","overlay-opacity":"","overlay-gradient":""}}},"product_brand":[],"product_cat":[23],"product_tag":[],"class_list":{"0":"post-330","1":"product","2":"type-product","3":"status-publish","4":"has-post-thumbnail","6":"product_cat-karetky","7":"desktop-align-left","8":"tablet-align-left","9":"mobile-align-left","11":"first","12":"instock","13":"shipping-taxable","14":"purchasable","15":"product-type-variable"},"jetpack_sharing_enabled":true,"_links":{"self":[{"href":"https:\/\/ufohry.cz\/cs_cz\/wp-json\/wp\/v2\/product\/330","targetHints":{"allow":["GET"]}}],"collection":[{"href":"https:\/\/ufohry.cz\/cs_cz\/wp-json\/wp\/v2\/product"}],"about":[{"href":"https:\/\/ufohry.cz\/cs_cz\/wp-json\/wp\/v2\/types\/product"}],"replies":[{"embeddable":true,"href":"https:\/\/ufohry.cz\/cs_cz\/wp-json\/wp\/v2\/comments?post=330"}],"wp:featuredmedia":[{"embeddable":true,"href":"https:\/\/ufohry.cz\/cs_cz\/wp-json\/wp\/v2\/media\/306"}],"wp:attachment":[{"href":"https:\/\/ufohry.cz\/cs_cz\/wp-json\/wp\/v2\/media?parent=330"}],"wp:term":[{"taxonomy":"product_brand","embeddable":true,"href":"https:\/\/ufohry.cz\/cs_cz\/wp-json\/wp\/v2\/product_brand?post=330"},{"taxonomy":"product_cat","embeddable":true,"href":"https:\/\/ufohry.cz\/cs_cz\/wp-json\/wp\/v2\/product_cat?post=330"},{"taxonomy":"product_tag","embeddable":true,"href":"https:\/\/ufohry.cz\/cs_cz\/wp-json\/wp\/v2\/product_tag?post=330"}],"curies":[{"name":"wp","href":"https:\/\/api.w.org\/{rel}","templated":true}]}}