{"id":251,"date":"2025-04-29T15:54:24","date_gmt":"2025-04-29T15:54:24","guid":{"rendered":"https:\/\/www.ufohry.cz\/cs_cz\/?post_type=product&#038;p=251"},"modified":"2025-10-14T14:06:21","modified_gmt":"2025-10-14T14:06:21","slug":"neco-na-nic","status":"publish","type":"product","link":"https:\/\/ufohry.cz\/cs_cz\/produkt\/neco-na-nic\/","title":{"rendered":"N\u011bco na nic"},"content":{"rendered":"<p>Nekupovat, pakli\u017ee nem\u00e1te sv\u011btsk\u00e9 nutk\u00e1n\u00ed n\u011bkomu nez\u00e1vazn\u011b d\u00e1vat prachy.<\/p>\n<p>Pokud opravdu stoj\u00edte o <strong>N\u011bco na nic<\/strong>, jist\u011b si jich mile r\u00e1di koup\u00edte aspo\u0148 15ks.<\/p>\n<p>D\u00edky<\/p>\n<p>pozdrav z vesm\u00edru<\/p>\n<p>Upozor\u0148ujeme kupuj\u00edc\u00ed, \u017ee cokoliv na nic se rovn\u00e1 nule, tohle zat\u00edm plat\u00ed v\u0161ude ve vesm\u00edru.<\/p>\n","protected":false},"excerpt":{"rendered":"<p>No nekupto<\/p>\n","protected":false},"featured_media":85,"comment_status":"closed","ping_status":"closed","template":"","meta":{"site-sidebar-layout":"default","site-content-layout":"","ast-site-content-layout":"default","site-content-style":"default","site-sidebar-style":"default","ast-global-header-display":"","ast-banner-title-visibility":"","ast-main-header-display":"","ast-hfb-above-header-display":"","ast-hfb-below-header-display":"","ast-hfb-mobile-header-display":"","site-post-title":"","ast-breadcrumbs-content":"","ast-featured-img":"","footer-sml-layout":"","ast-disable-related-posts":"","theme-transparent-header-meta":"default","adv-header-id-meta":"","stick-header-meta":"","header-above-stick-meta":"","header-main-stick-meta":"","header-below-stick-meta":"","astra-migrate-meta-layouts":"set","ast-page-background-enabled":"default","ast-page-background-meta":{"desktop":{"background-color":"var(--ast-global-color-5)","background-image":"","background-repeat":"repeat","background-position":"center center","background-size":"auto","background-attachment":"scroll","background-type":"","background-media":"","overlay-type":"","overlay-color":"","overlay-opacity":"","overlay-gradient":""},"tablet":{"background-color":"","background-image":"","background-repeat":"repeat","background-position":"center center","background-size":"auto","background-attachment":"scroll","background-type":"","background-media":"","overlay-type":"","overlay-color":"","overlay-opacity":"","overlay-gradient":""},"mobile":{"background-color":"","background-image":"","background-repeat":"repeat","background-position":"center center","background-size":"auto","background-attachment":"scroll","background-type":"","background-media":"","overlay-type":"","overlay-color":"","overlay-opacity":"","overlay-gradient":""}},"ast-content-background-meta":{"desktop":{"background-color":"var(--ast-global-color-4)","background-image":"","background-repeat":"repeat","background-position":"center center","background-size":"auto","background-attachment":"scroll","background-type":"","background-media":"","overlay-type":"","overlay-color":"","overlay-opacity":"","overlay-gradient":""},"tablet":{"background-color":"var(--ast-global-color-4)","background-image":"","background-repeat":"repeat","background-position":"center center","background-size":"auto","background-attachment":"scroll","background-type":"","background-media":"","overlay-type":"","overlay-color":"","overlay-opacity":"","overlay-gradient":""},"mobile":{"background-color":"var(--ast-global-color-4)","background-image":"","background-repeat":"repeat","background-position":"center center","background-size":"auto","background-attachment":"scroll","background-type":"","background-media":"","overlay-type":"","overlay-color":"","overlay-opacity":"","overlay-gradient":""}}},"product_brand":[],"product_cat":[19],"product_tag":[],"class_list":{"0":"post-251","1":"product","2":"type-product","3":"status-publish","4":"has-post-thumbnail","6":"product_cat-nezarazene","7":"desktop-align-left","8":"tablet-align-left","9":"mobile-align-left","11":"first","12":"instock","13":"shipping-taxable","14":"purchasable","15":"product-type-simple"},"jetpack_sharing_enabled":true,"_links":{"self":[{"href":"https:\/\/ufohry.cz\/cs_cz\/wp-json\/wp\/v2\/product\/251","targetHints":{"allow":["GET"]}}],"collection":[{"href":"https:\/\/ufohry.cz\/cs_cz\/wp-json\/wp\/v2\/product"}],"about":[{"href":"https:\/\/ufohry.cz\/cs_cz\/wp-json\/wp\/v2\/types\/product"}],"replies":[{"embeddable":true,"href":"https:\/\/ufohry.cz\/cs_cz\/wp-json\/wp\/v2\/comments?post=251"}],"wp:featuredmedia":[{"embeddable":true,"href":"https:\/\/ufohry.cz\/cs_cz\/wp-json\/wp\/v2\/media\/85"}],"wp:attachment":[{"href":"https:\/\/ufohry.cz\/cs_cz\/wp-json\/wp\/v2\/media?parent=251"}],"wp:term":[{"taxonomy":"product_brand","embeddable":true,"href":"https:\/\/ufohry.cz\/cs_cz\/wp-json\/wp\/v2\/product_brand?post=251"},{"taxonomy":"product_cat","embeddable":true,"href":"https:\/\/ufohry.cz\/cs_cz\/wp-json\/wp\/v2\/product_cat?post=251"},{"taxonomy":"product_tag","embeddable":true,"href":"https:\/\/ufohry.cz\/cs_cz\/wp-json\/wp\/v2\/product_tag?post=251"}],"curies":[{"name":"wp","href":"https:\/\/api.w.org\/{rel}","templated":true}]}}