{"id":215,"date":"2025-04-29T13:18:27","date_gmt":"2025-04-29T13:18:27","guid":{"rendered":"https:\/\/www.ufohry.cz\/cs_cz\/?post_type=product&#038;p=215"},"modified":"2026-04-16T13:59:55","modified_gmt":"2026-04-16T13:59:55","slug":"maiak","status":"publish","type":"product","link":"https:\/\/ufohry.cz\/cs_cz\/produkt\/maiak\/","title":{"rendered":"MAiAK"},"content":{"rendered":"<p>C\u00edlem hry je dostat se na druh\u00fd konec hern\u00edho pl\u00e1nu d\u0159\u00edve ne\u017e soupe\u0159.<\/p>\n<p>Ka\u017ed\u00fd hr\u00e1\u010d disponuje na za\u010d\u00e1tku hry p\u011bti hern\u00edmi kameny, se kter\u00fdmi pohybuje pouze sm\u011brem dop\u0159edu po prom\u011bnliv\u00e9m hern\u00edm pl\u00e1nu.<\/p>\n<p>Tah ka\u017ed\u00e9ho hr\u00e1\u010de se skl\u00e1d\u00e1 ze dvou tah\u016f nejd\u0159\u00edve hr\u00e1\u010d posune libovoln\u00fd k\u00e1men a pot\u00e9 prohod\u00ed dv\u011b pol\u00ed\u010dka kter\u00e1 spolu navz\u00e1jem soused\u00ed. Pot\u00e9 hraje dal\u0161\u00ed hr\u00e1\u010d.<\/p>\n<p>Hr\u00e1\u010di na sebe mohou pomoc\u00ed kamen\u016f \u00fato\u010dit a odstra\u0148ovat je ze hry, z\u00e1rove\u0148 kameny slou\u017e\u00ed jako platidlo umo\u017e\u0148uj\u00edc\u00ed posun na dra\u017e\u0161\u00ed pole.<\/p>\n<p>Jednotliv\u00e1 hern\u00ed pole maj\u00ed toti\u017e rozd\u00edlnou hodnotu, a tak je n\u011bkdy nutn\u00e9 pro v\u00edt\u011bzstv\u00ed ob\u011btovat n\u011bkter\u00e9 hern\u00ed kameny.<\/p>\n<p>V\u00edt\u011bzem se stane hr\u00e1\u010d, kter\u00fd jako prvn\u00ed doraz\u00ed na konec hern\u00edho pl\u00e1nu, p\u0159\u00edpadn\u011b hr\u00e1\u010d kter\u00fd jako posledn\u00ed z\u016fstane na hern\u00edm pl\u00e1nu.<\/p>\n<p>Rem\u00edza neexistuje<\/p>\n","protected":false},"excerpt":{"rendered":"<p>MAiAK je strategick\u00e1 tahov\u00e1 hra pro dva hr\u00e1\u010de<\/p>\n<p>Balen\u00ed obsahuje: hern\u00ed pl\u00e1n, 25 hern\u00edch pol\u00ed, 10 hern\u00edch kamen\u016f, n\u00e1vod<\/p>\n<p>A pokud je\u0161t\u011b v\u00e1h\u00e1te, m\u016f\u017eete si zkusit\u00a0 MAiAK zkusit i online zde: <a href=\"https:\/\/ufohry.cz\/wp-content\/uploads\/2025\/04\/MAiAK_10.html\" target=\"_blank\" rel=\"noopener\">MAiAK<\/a><\/p>\n","protected":false},"featured_media":273,"comment_status":"open","ping_status":"closed","template":"","meta":{"site-sidebar-layout":"default","site-content-layout":"","ast-site-content-layout":"default","site-content-style":"default","site-sidebar-style":"default","ast-global-header-display":"","ast-banner-title-visibility":"","ast-main-header-display":"","ast-hfb-above-header-display":"","ast-hfb-below-header-display":"","ast-hfb-mobile-header-display":"","site-post-title":"","ast-breadcrumbs-content":"","ast-featured-img":"","footer-sml-layout":"","ast-disable-related-posts":"","theme-transparent-header-meta":"default","adv-header-id-meta":"","stick-header-meta":"","header-above-stick-meta":"","header-main-stick-meta":"","header-below-stick-meta":"","astra-migrate-meta-layouts":"set","ast-page-background-enabled":"default","ast-page-background-meta":{"desktop":{"background-color":"var(--ast-global-color-5)","background-image":"","background-repeat":"repeat","background-position":"center center","background-size":"auto","background-attachment":"scroll","background-type":"","background-media":"","overlay-type":"","overlay-color":"","overlay-opacity":"","overlay-gradient":""},"tablet":{"background-color":"","background-image":"","background-repeat":"repeat","background-position":"center center","background-size":"auto","background-attachment":"scroll","background-type":"","background-media":"","overlay-type":"","overlay-color":"","overlay-opacity":"","overlay-gradient":""},"mobile":{"background-color":"","background-image":"","background-repeat":"repeat","background-position":"center center","background-size":"auto","background-attachment":"scroll","background-type":"","background-media":"","overlay-type":"","overlay-color":"","overlay-opacity":"","overlay-gradient":""}},"ast-content-background-meta":{"desktop":{"background-color":"var(--ast-global-color-4)","background-image":"","background-repeat":"repeat","background-position":"center center","background-size":"auto","background-attachment":"scroll","background-type":"","background-media":"","overlay-type":"","overlay-color":"","overlay-opacity":"","overlay-gradient":""},"tablet":{"background-color":"var(--ast-global-color-4)","background-image":"","background-repeat":"repeat","background-position":"center center","background-size":"auto","background-attachment":"scroll","background-type":"","background-media":"","overlay-type":"","overlay-color":"","overlay-opacity":"","overlay-gradient":""},"mobile":{"background-color":"var(--ast-global-color-4)","background-image":"","background-repeat":"repeat","background-position":"center center","background-size":"auto","background-attachment":"scroll","background-type":"","background-media":"","overlay-type":"","overlay-color":"","overlay-opacity":"","overlay-gradient":""}}},"product_brand":[],"product_cat":[21],"product_tag":[],"class_list":{"0":"post-215","1":"product","2":"type-product","3":"status-publish","4":"has-post-thumbnail","6":"product_cat-maiak","7":"desktop-align-left","8":"tablet-align-left","9":"mobile-align-left","11":"first","12":"instock","13":"shipping-taxable","14":"purchasable","15":"product-type-variable"},"jetpack_sharing_enabled":true,"_links":{"self":[{"href":"https:\/\/ufohry.cz\/cs_cz\/wp-json\/wp\/v2\/product\/215","targetHints":{"allow":["GET"]}}],"collection":[{"href":"https:\/\/ufohry.cz\/cs_cz\/wp-json\/wp\/v2\/product"}],"about":[{"href":"https:\/\/ufohry.cz\/cs_cz\/wp-json\/wp\/v2\/types\/product"}],"replies":[{"embeddable":true,"href":"https:\/\/ufohry.cz\/cs_cz\/wp-json\/wp\/v2\/comments?post=215"}],"wp:featuredmedia":[{"embeddable":true,"href":"https:\/\/ufohry.cz\/cs_cz\/wp-json\/wp\/v2\/media\/273"}],"wp:attachment":[{"href":"https:\/\/ufohry.cz\/cs_cz\/wp-json\/wp\/v2\/media?parent=215"}],"wp:term":[{"taxonomy":"product_brand","embeddable":true,"href":"https:\/\/ufohry.cz\/cs_cz\/wp-json\/wp\/v2\/product_brand?post=215"},{"taxonomy":"product_cat","embeddable":true,"href":"https:\/\/ufohry.cz\/cs_cz\/wp-json\/wp\/v2\/product_cat?post=215"},{"taxonomy":"product_tag","embeddable":true,"href":"https:\/\/ufohry.cz\/cs_cz\/wp-json\/wp\/v2\/product_tag?post=215"}],"curies":[{"name":"wp","href":"https:\/\/api.w.org\/{rel}","templated":true}]}}