{"id":3,"date":"2025-04-22T19:08:12","date_gmt":"2025-04-22T19:08:12","guid":{"rendered":"https:\/\/ufohry.cz\/?page_id=3"},"modified":"2025-06-03T10:50:57","modified_gmt":"2025-06-03T10:50:57","slug":"zasady-ochrany-osobnich-udaju","status":"publish","type":"page","link":"https:\/\/ufohry.cz\/cs_cz\/zasady-ochrany-osobnich-udaju\/","title":{"rendered":"Z\u00c1SADY OCHRANY OSOBN\u00cdCH \u00daDAJ\u016e"},"content":{"rendered":"\t\t<div data-elementor-type=\"wp-page\" data-elementor-id=\"3\" class=\"elementor elementor-3\">\n\t\t\t\t<div class=\"elementor-element elementor-element-5ee36783 e-flex e-con-boxed e-con e-parent\" data-id=\"5ee36783\" data-element_type=\"container\" data-e-type=\"container\">\n\t\t\t\t\t<div class=\"e-con-inner\">\n\t\t\t\t<div class=\"elementor-element elementor-element-6e81a819 elementor-widget elementor-widget-text-editor\" data-id=\"6e81a819\" data-element_type=\"widget\" data-e-type=\"widget\" data-settings=\"{&quot;htmega_fe&quot;:&quot;no&quot;}\" data-widget_type=\"text-editor.default\">\n\t\t\t\t\t\t\t\t\t<p><strong>Z\u00e1sady zpracov\u00e1n\u00ed osobn\u00edch \u00fadaj\u016f<\/strong><br \/><br \/>Hlavn\u00ed z\u00e1sady:<\/p>\n<ul>\n<li>omezen\u00ed \u00fa\u010delu &#8211; osobn\u00ed \u00fadaje mus\u00ed b\u00fdt shroma\u017e\u010fov\u00e1ny pro ur\u010dit\u00e9 a legitimn\u00ed \u00fa\u010dely a <br \/>nesm\u011bj\u00ed b\u00fdt zpracov\u00e1v\u00e1ny neslu\u010diteln\u00fdm zp\u016fsobem s t\u011bmito \u00fa\u010dely,<\/li>\n<li>minimalizace \u00fadaj\u016f- osobn\u00ed \u00fadaje mus\u00ed b\u00fdt p\u0159im\u011b\u0159en\u00e9 a relevantn\u00ed ve vztahu k \u00fa\u010delu, <br \/>pro kter\u00fd jsou zpracov\u00e1v\u00e1ny, p\u0159esnost &#8211; osobn\u00ed \u00fadaje mus\u00ed b\u00fdt p\u0159esn\u00e9,<\/li>\n<li>omezen\u00ed ulo\u017een\u00ed- osobn\u00ed \u00fadaje by m\u011bly b\u00fdt ulo\u017eeny ve form\u011b umo\u017e\u0148uj\u00edc\u00ed identifikaci <br \/>subjektu \u00fadaj\u016f jen po nezbytnou dobu pro dan\u00e9 \u00fa\u010dely, pro kter\u00e9 jsou zpracov\u00e1v\u00e1ny,<\/li>\n<li>integrita a d\u016fv\u011brnost &#8211; technick\u00e9 a organiza\u010dn\u00ed zabezpe\u010den\u00ed osobn\u00edch \u00fadaj\u016f.<\/li>\n<li>z\u00e1konnost, korektnost, transparentnost &#8211; spr\u00e1vce mus\u00ed zpracov\u00e1vat osobn\u00ed \u00fadaje na <br \/>z\u00e1klad\u011b nejm\u00e9n\u011b jednoho pr\u00e1vn\u00edho d\u016fvodu a v\u016f\u010di subjektu \u00fadaj\u016f transparentn\u011b,<\/li>\n<\/ul>\n<p>Jednotliv\u00e9 z\u00e1sady jsou rozvinuty v \u010dl\u00e1nku 5 odst. 1 Obecn\u00e9ho na\u0159\u00edzen\u00ed. Vymezen\u00ed, resp. <br \/>dodr\u017eov\u00e1n\u00ed t\u011bchto z\u00e1sad, je pro spr\u00e1vce z\u00e1sadn\u00ed, nejen z toho d\u016fvodu, \u017ee to jsou de facto <br \/>z\u00e1rove\u0148 povinnosti, ale i proto, \u017ee v \u010dl\u00e1nku 5 odst. 2 Obecn\u00e9ho na\u0159\u00edzen\u00ed je stanovena <br \/>odpov\u011bdnost spr\u00e1vce za jejich dodr\u017eov\u00e1n\u00ed a z\u00e1rove\u0148 povinnost spr\u00e1vce b\u00fdt schopen <br \/>dodr\u017eov\u00e1n\u00ed t\u011bchto z\u00e1sad (povinnost\u00ed) dolo\u017eit. Jde o vyj\u00e1d\u0159en\u00ed tzv. principu odpov\u011bdnosti <br \/>spr\u00e1vce. K prokazov\u00e1n\u00ed souladu s t\u011bmito z\u00e1sadami budou slou\u017eit z\u00e1znamy o \u010dinnostech <br \/>zpracov\u00e1n\u00ed a t\u00e9\u017e kodexy a osv\u011bd\u010den\u00ed.<br \/><br \/><strong>Co se rozum\u00ed pr\u00e1vn\u00edmi d\u016fvody zpracov\u00e1n\u00ed osobn\u00edch \u00fadaj\u016f?<\/strong><\/p>\n<p><br \/>Pr\u00e1vn\u00ed d\u016fvody zpracov\u00e1n\u00ed osobn\u00edch \u00fadaj\u016f znamenaj\u00ed opr\u00e1vn\u011bn\u00ed spr\u00e1vce osobn\u00ed \u00fadaje <br \/>zpracov\u00e1vat. Pr\u00e1vn\u00ed d\u016fvody tak jsou nezbytn\u00fdm p\u0159edpokladem, aby v\u016fbec mohlo b\u00fdt <br \/>hovo\u0159eno ze strany spr\u00e1vce o leg\u00e1ln\u00edm zpracov\u00e1n\u00ed, jeliko\u017e pokud by spr\u00e1vce nedisponoval <br \/>\u0159\u00e1dn\u00fdm pr\u00e1vn\u00edm d\u016fvodem ke zpracov\u00e1n\u00ed osobn\u00edch \u00fadaj\u016f, bylo by d\u00e1le nerozhodn\u00e9, zdali pln\u00ed <br \/>ostatn\u00ed povinnosti, jeliko\u017e by osobn\u00ed \u00fadaje zpracov\u00e1val nez\u00e1konn\u011b a musel by osobn\u00ed \u00fadaje <br \/>zlikvidovat.<\/p>\n<p><br \/>Je d\u016fle\u017eit\u00e9 v\u011bd\u011bt, \u017ee i osobn\u00ed \u00fadaje m\u016f\u017ee spr\u00e1vce zpracov\u00e1vat pro r\u016fzn\u00e9 \u00fa\u010dely, p\u0159i\u010dem\u017e pro <br \/>ka\u017ed\u00fd \u00fa\u010del pot\u0159ebuje pr\u00e1vn\u00ed d\u016fvod zpracov\u00e1n\u00ed osobn\u00edch \u00fadaj\u016f. Zpracov\u00e1n\u00ed osobn\u00edch \u00fadaj\u016f se <br \/>v\u017edy v\u00e1\u017ee k \u00fa\u010delu, na z\u00e1klad\u011b kter\u00e9ho se ur\u010d\u00ed pr\u00e1vn\u00ed d\u016fvod zpracov\u00e1n\u00ed. Nen\u00ed vylou\u010deno, \u017ee <br \/>&#8222;jedny&#8220; osobn\u00ed \u00fadaje (nebo jejich ur\u010dit\u00fd souhrn) bude spr\u00e1vce zpracov\u00e1vat pro r\u016fzn\u00e9 \u00fa\u010dely, <br \/>p\u0159i\u010dem\u017e tyto \u00fa\u010dely mohou v \u010dase vznikat \u010di zanikat, ani\u017e by to p\u0159edstavovalo povinnost <br \/>osobn\u00ed \u00fadaje likvidovat. Povinnost likvidace osobn\u00edch \u00fadaj\u016f nastane v p\u0159\u00edpad\u011b, kdy spr\u00e1vce <br \/>pozbude posledn\u00ed pr\u00e1vn\u00ed d\u016fvod ke zpracov\u00e1n\u00ed osobn\u00edch \u00fadaj\u016f.<br \/><br \/><strong>Jak\u00e9 jsou pr\u00e1vn\u00ed d\u016fvody zpracov\u00e1n\u00ed osobn\u00edch \u00fadaj\u016f subjektu \u00fadaj\u016f?<\/strong><\/p>\n<p>Osobn\u00ed \u00fadaje lze zpracov\u00e1vat, pokud je p\u0159\u00edtomen alespo\u0148 jeden z t\u011bchto pr\u00e1vn\u00edch d\u016fvod\u016f:<\/p>\n<ul>\n<li>subjekt \u00fadaj\u016f ud\u011blil souhlas pro jeden \u010di v\u00edce konkr\u00e9tn\u00edch \u00fa\u010del\u016f,<\/li>\n<li>zpracov\u00e1n\u00ed je nezbytn\u00e9 pro spln\u011bn\u00ed smlouvy, jej\u00ed\u017e smluvn\u00ed stranou je subjekt \u00fadaj\u016f, <br \/>nebo pro proveden\u00ed opat\u0159en\u00ed p\u0159ijat\u00fdch p\u0159ed uzav\u0159en\u00edm smlouvy na \u017e\u00e1dost tohoto <br \/>subjektu \u00fadaj\u016f,<\/li>\n<li>zpracov\u00e1n\u00ed je nezbytn\u00e9 pro spln\u011bn\u00ed pr\u00e1vn\u00ed povinnosti, kter\u00e1 se na spr\u00e1vce vztahuje,<\/li>\n<li>zpracov\u00e1n\u00ed je nezbytn\u00e9 pro ochranu \u017eivotn\u011b d\u016fle\u017eit\u00fdch z\u00e1jm\u016f subjektu \u00fadaj\u016f nebo jin\u00e9 <br \/>fyzick\u00e9 osoby,<\/li>\n<li>zpracov\u00e1n\u00ed je nezbytn\u00e9 pro spln\u011bn\u00ed \u00fakolu prov\u00e1d\u011bn\u00e9ho ve ve\u0159ejn\u00e9m z\u00e1jmu nebo p\u0159i <br \/>v\u00fdkonu ve\u0159ejn\u00e9 moci, kter\u00fdm je pov\u011b\u0159en spr\u00e1vce,<\/li>\n<li>zpracov\u00e1n\u00ed je nezbytn\u00e9 pro \u00fa\u010dely opr\u00e1vn\u011bn\u00fdch z\u00e1jm\u016f p\u0159\u00edslu\u0161n\u00e9ho spr\u00e1vce \u010di t\u0159et\u00ed <br \/>strany, krom\u011b p\u0159\u00edpad\u016f, kdy p\u0159ed t\u011bmito z\u00e1jmy maj\u00ed p\u0159ednost z\u00e1jmy nebo z\u00e1kladn\u00ed <br \/>pr\u00e1va a svobody subjektu \u00fadaj\u016f vy\u017eaduj\u00edc\u00ed ochranu osobn\u00edch \u00fadaj\u016f.<br \/><br \/><strong>Co znamen\u00e1 souhlas se zpracov\u00e1n\u00edm osobn\u00edch \u00fadaj\u016f?<\/strong><\/li>\n<\/ul>\n<p>Souhlas (viz definice \u010dl\u00e1nek 4 odst. 1 bod 11 Obecn\u00e9ho na\u0159\u00edzen\u00ed) je svobodn\u00fd, konkr\u00e9tn\u00ed, <br \/>informovan\u00fd a jednozna\u010dn\u00fd projev v\u016fle, kter\u00fdm subjekt \u00fadaj\u016f d\u00e1v\u00e1 prohl\u00e1\u0161en\u00edm \u010di jin\u00fdm <br \/>zjevn\u00fdm potvrzen\u00edm sv\u00e9 svolen\u00ed ke zpracov\u00e1n\u00ed sv\u00fdch osobn\u00edch \u00fadaj\u016f. Jde o aktivn\u00ed <br \/>a dobrovoln\u00fd projev v\u016fle subjektu \u00fadaj\u016f, ke kter\u00e9mu nesm\u00ed b\u00fdt nucen.<br \/>Souhlas je jedn\u00edm z pr\u00e1vn\u00edch d\u016fvod\u016f, na z\u00e1klad\u011b kter\u00e9ho m\u016f\u017ee spr\u00e1vce osobn\u00ed \u00fadaje <br \/>zpracov\u00e1vat.<\/p>\n<p>Souhlas se v\u017edy poskytuje k ur\u010dit\u00e9mu \u00fa\u010delu zpracov\u00e1n\u00ed, kter\u00fd mus\u00ed subjekt <br \/>\u00fadaj\u016f zn\u00e1t. Nikoli v\u017edy odvol\u00e1n\u00ed souhlasu znamen\u00e1 povinnost spr\u00e1vce osobn\u00ed \u00fadaje <br \/>zlikvidovat, jeliko\u017e odvol\u00e1n\u00ed souhlasu se d\u011bje k ur\u010dit\u00e9mu \u00fa\u010delu, pro kter\u00fd jsou osobn\u00ed \u00fadaje <br \/>zpracov\u00e1v\u00e1ny, p\u0159i\u010dem\u017e spr\u00e1vce m\u016f\u017ee osobn\u00ed \u00fadaje zpracov\u00e1vat pro jin\u00e9 \u00fa\u010dely, pro kter\u00e9 <br \/>vyu\u017eije jin\u00fd pr\u00e1vn\u00ed d\u016fvod zpracov\u00e1n\u00ed ne\u017e souhlas subjektu \u00fadaj\u016f.<br \/><br \/><strong>Jak\u00e9 jsou podm\u00ednky ud\u011blen\u00ed souhlasu se zpracov\u00e1n\u00edm osobn\u00edch \u00fadaj\u016f?<\/strong><\/p>\n<p><br \/>Aby bylo mo\u017en\u00e9 dos\u00e1hnout svobodnosti, konkr\u00e9tnosti, informovanosti a jednozna\u010dnosti <br \/>projevu v\u016fle subjektu \u00fadaj\u016f, stanovuje Obecn\u00e9 na\u0159\u00edzen\u00ed v \u010dl\u00e1nku 7 podm\u00ednky vyj\u00e1d\u0159en\u00ed <br \/>souhlasu. Z\u00e1sadn\u00ed je tzv. odli\u0161itelnost souhlasu, co\u017e znamen\u00e1, \u017ee souhlas mus\u00ed b\u00fdt odli\u0161en od <br \/>jin\u00fdch skute\u010dnost\u00ed, ke kter\u00fdm se subjekt \u00fadaj\u016f vyjad\u0159uje. Pro n\u00e1zornost, souhlas tak mus\u00ed b\u00fdt <br \/>odd\u011blen\u00fd nap\u0159. od smlouvy \u010di obchodn\u00edch podm\u00ednek, resp. ji\u017e nen\u00ed mo\u017en\u00e9, aby byl jejich <br \/>ned\u00edlnou sou\u010d\u00e1st\u00ed. Z\u00e1rove\u0148 nesm\u00ed b\u00fdt uzav\u0159en\u00ed smlouvy (nap\u0159. na slu\u017ebu) podmi\u0148ov\u00e1no <br \/>poskytnut\u00edm souhlasu se zpracov\u00e1n\u00edm osobn\u00edch \u00fadaj\u016f. Je v\u0161ak samoz\u0159ejm\u00e9, \u017ee v z\u00e1vislosti na <br \/>slu\u017eb\u011b \u010di v\u00fdrobku bude spr\u00e1vce muset zpracov\u00e1vat (bez souhlasu) ur\u010dit\u00e9 mno\u017estv\u00ed osobn\u00edch <br \/>\u00fadaj\u016f subjektu \u00fadaj\u016f pr\u00e1v\u011b pro \u00fa\u010dely pln\u011bn\u00ed smlouvy \u010di pln\u011bn\u00ed z\u00e1konem stanoven\u00e9 povinnosti.<br \/><br \/><strong>Je souhlas odvolateln\u00fd?<\/strong><\/p>\n<p><br \/>Subjekt \u00fadaj\u016f m\u00e1 pr\u00e1vo sv\u016fj souhlas kdykoli odvolat. Odvol\u00e1n\u00edm nen\u00ed dot\u010dena z\u00e1konnost <br \/>zpracov\u00e1n\u00ed vych\u00e1zej\u00edc\u00edho ze souhlasu, kter\u00fd byl d\u00e1n p\u0159ed jeho odvol\u00e1n\u00edm. Je nutn\u00e9 si <br \/>uv\u011bdomit, \u017ee souhlas byl d\u00e1v\u00e1n k ur\u010dit\u00fdm \u00fa\u010del\u016fm a odvol\u00e1n\u00ed souhlasu nemus\u00ed v\u017edy <br \/>p\u0159edstavovat pro spr\u00e1vce povinnost osobn\u00ed \u00fadaje zlikvidovat, ale bude p\u0159edstavovat pro <br \/>spr\u00e1vce pouze povinnost p\u0159estat osobn\u00ed \u00fadaje zpracov\u00e1vat pro ur\u010dit\u00fd \u00fa\u010del, ke kter\u00e9mu byl <br \/>souhlas ud\u011blen. Stejn\u011b tak i v p\u0159\u00edpad\u011b, kdy spr\u00e1vce pou\u017eil souhlas pro p\u0159\u00edpady, kdy mu sv\u011bd\u010d\u00ed <br \/>jin\u00fd pr\u00e1vn\u00ed d\u016fvod zpracov\u00e1n\u00ed osobn\u00edch \u00fadaj\u016f, neznamen\u00e1 odvol\u00e1n\u00ed souhlasu (tedy \u00fakonu, <br \/>kter\u00fd nebyl nezbytn\u00fd pro zpracov\u00e1n\u00ed) povinnost osobn\u00ed \u00fadaje zlikvidovat \u010di je p\u0159estat <br \/>zpracov\u00e1vat nap\u0159., pokud osobn\u00ed \u00fadaje mus\u00ed m\u00edt pro z\u00e1konem stanoven\u00e9 \u00fa\u010dely.<br \/><br \/><strong>Jak to bude se sou\u010dasn\u00fdmi souhlasy za pou\u017eitelnosti Obecn\u00e9ho na\u0159\u00edzen\u00ed?<\/strong><\/p>\n<p><br \/>Obecn\u00e9 na\u0159\u00edzen\u00ed v recit\u00e1lu 171 p\u0159edpokl\u00e1d\u00e1 p\u0159echod souhlasu, av\u0161ak s podm\u00ednkou, \u017ee souhlas <br \/>byl ud\u011blen zp\u016fsobem a v souladu s podm\u00ednkami Obecn\u00e9ho na\u0159\u00edzen\u00ed. To bude pro mnoho <br \/>spr\u00e1vc\u016f problematick\u00e9, jeliko\u017e jimi z\u00edsk\u00e1van\u00fd souhlas nebude spl\u0148ovat podm\u00ednky stanoven\u00e9 <br \/>v \u010dl\u00e1nku 7 Obecn\u00e9ho na\u0159\u00edzen\u00ed, nap\u0159\u00edklad podm\u00ednku odli\u0161itelnosti souhlasu (souhlas nesm\u00ed b\u00fdt <br \/>neodd\u011blitelnou sou\u010d\u00e1st\u00ed obchodn\u00edch podm\u00ednek) \u010di podm\u00ednku nepodmi\u0148ovat poskytnut\u00ed slu\u017eby <br \/>vy\u017eadov\u00e1n\u00edm ud\u011blen\u00ed souhlasu se zpracov\u00e1n\u00edm osobn\u00edch \u00fadaj\u016f.<br \/><br \/><strong>M\u016f\u017eu zpracov\u00e1vat osobn\u00ed \u00fadaje zve\u0159ejn\u011bn\u00e9 na internetu?<\/strong><\/p>\n<p><br \/>Osobn\u00ed \u00fadaje pat\u0159\u00ed subjekt\u016fm \u00fadaj\u016f a ty mus\u00ed v n\u011bkter\u00fdch p\u0159\u00edpadech, zejm\u00e9na v z\u00e1konem <br \/>stanoven\u00fdch p\u0159\u00edpadech, strp\u011bt jejich zve\u0159ejn\u011bn\u00ed nap\u0159. ve ve\u0159ejn\u00e9m rejst\u0159\u00edku. Osobn\u00ed \u00fadaje ve <br \/>ve\u0159ejn\u00e9m rejst\u0159\u00edku jsou zve\u0159ejn\u011bny na z\u00e1klad\u011b z\u00e1kona, jeliko\u017e tak z\u00e1kon stanov\u00ed (typicky nap\u0159. <br \/>\u017eivnostensk\u00fd rejst\u0159\u00edk). Skute\u010dnost, \u017ee je stanovena ve\u0159ejnost rejst\u0159\u00edku, neznamen\u00e1, \u017ee <br \/>zve\u0159ejn\u011bn\u00e9 osobn\u00ed \u00fadaje lze d\u00e1le neomezen\u011b p\u0159eb\u00edrat a zpracov\u00e1vat, nap\u0159. jejich dal\u0161\u00edm <br \/>zve\u0159ej\u0148ov\u00e1n\u00edm a t\u00edm na nich profitovat. Je nutn\u00e9 si uv\u011bdomit, \u017ee i dal\u0161\u00ed zve\u0159ej\u0148ov\u00e1n\u00ed \u00fadaj\u016f <br \/>z ve\u0159ejn\u00fdch rejst\u0159\u00edk\u016f je zpracov\u00e1n\u00edm osobn\u00edch \u00fadaj\u016f a k tomu mus\u00ed spr\u00e1vci sv\u011bd\u010dit pr\u00e1vn\u00ed <br \/>d\u016fvod, tj. z\u00e1konem p\u0159edpokl\u00e1dan\u00e9 opr\u00e1vn\u011bn\u00ed. Jeliko\u017e Obecn\u00e9 na\u0159\u00edzen\u00ed oproti z\u00e1konu \u010d. <br \/>101\/2000 Sb., o ochran\u011b osobn\u00edch \u00fadaj\u016f a o zm\u011bn\u011b n\u011bkter\u00fdch z\u00e1kon\u016f, neobsahuje ekvivalent <br \/>pr\u00e1vn\u00edho d\u016fvodu opr\u00e1vn\u011bn\u011b zve\u0159ejn\u011bn\u00e9 osobn\u00ed \u00fadaje, kter\u00fd je v z\u00e1kon\u011b o ochran\u011b osobn\u00edch <br \/>\u00fadaj\u016f obsa\u017een v \u00a7 5 odst. 2 p\u00edsm. d), bude dal\u0161\u00ed zve\u0159ej\u0148ov\u00e1n\u00ed z ve\u0159ejn\u00fdch rejst\u0159\u00edk\u016f p\u0159evzat\u00fdch <br \/>osobn\u00edch \u00fadaj\u016f za pou\u017eitelnosti Obecn\u00e9ho na\u0159\u00edzen\u00ed problematick\u00e9, jeliko\u017e spr\u00e1vce bude muset <br \/>vyu\u017e\u00edt n\u011bkter\u00fd z pr\u00e1vn\u00edch d\u016fvod\u016f v \u010dl\u00e1nku 5 odst. 1 Obecn\u00e9ho na\u0159\u00edzen\u00ed.<br \/>Obdobn\u00e1 situace je i u osobn\u00edch \u00fadaj\u016f, kter\u00e9 subjekty \u00fadaj\u016f dobrovoln\u011b zve\u0159ej\u0148uj\u00ed na <br \/>internetu za ur\u010dit\u00fdm \u00fa\u010delem. Ani tyto \u00fadaje, by\u0165 jsou dobrovoln\u011b zve\u0159ejn\u011bn\u00e9, nelze bez <br \/>dal\u0161\u00edho zpracov\u00e1vat, jeliko\u017e i v tomto p\u0159\u00edpad\u011b by spr\u00e1vce m\u011bl absenci pr\u00e1vn\u00edho d\u016fvodu. <br \/>Ve\u0159ejnost \u00fadaj\u016f nikdy a priori neznamen\u00e1 mo\u017enost jejich dal\u0161\u00edho bezmezn\u00e9ho zpracov\u00e1v\u00e1n\u00ed.<\/p>\n<p>\u00a0<\/p>\t\t\t\t\t\t\t\t<\/div>\n\t\t\t\t\t<\/div>\n\t\t\t\t<\/div>\n\t\t\t\t<\/div>\n\t\t","protected":false},"excerpt":{"rendered":"<p>Z\u00e1sady zpracov\u00e1n\u00ed osobn\u00edch \u00fadaj\u016f Hlavn\u00ed z\u00e1sady: omezen\u00ed \u00fa\u010delu &#8211; osobn\u00ed \u00fadaje mus\u00ed b\u00fdt shroma\u017e\u010fov\u00e1ny pro ur\u010dit\u00e9 a legitimn\u00ed \u00fa\u010dely a [&hellip;]<\/p>\n","protected":false},"author":2,"featured_media":0,"parent":0,"menu_order":0,"comment_status":"closed","ping_status":"closed","template":"","meta":{"site-sidebar-layout":"default","site-content-layout":"","ast-site-content-layout":"default","site-content-style":"default","site-sidebar-style":"default","ast-global-header-display":"","ast-banner-title-visibility":"","ast-main-header-display":"","ast-hfb-above-header-display":"","ast-hfb-below-header-display":"","ast-hfb-mobile-header-display":"","site-post-title":"","ast-breadcrumbs-content":"","ast-featured-img":"","footer-sml-layout":"","ast-disable-related-posts":"","theme-transparent-header-meta":"","adv-header-id-meta":"","stick-header-meta":"","header-above-stick-meta":"","header-main-stick-meta":"","header-below-stick-meta":"","astra-migrate-meta-layouts":"default","ast-page-background-enabled":"default","ast-page-background-meta":{"desktop":{"background-color":"var(--ast-global-color-5)","background-image":"","background-repeat":"repeat","background-position":"center center","background-size":"auto","background-attachment":"scroll","background-type":"","background-media":"","overlay-type":"","overlay-color":"","overlay-opacity":"","overlay-gradient":""},"tablet":{"background-color":"","background-image":"","background-repeat":"repeat","background-position":"center center","background-size":"auto","background-attachment":"scroll","background-type":"","background-media":"","overlay-type":"","overlay-color":"","overlay-opacity":"","overlay-gradient":""},"mobile":{"background-color":"","background-image":"","background-repeat":"repeat","background-position":"center center","background-size":"auto","background-attachment":"scroll","background-type":"","background-media":"","overlay-type":"","overlay-color":"","overlay-opacity":"","overlay-gradient":""}},"ast-content-background-meta":{"desktop":{"background-color":"var(--ast-global-color-4)","background-image":"","background-repeat":"repeat","background-position":"center center","background-size":"auto","background-attachment":"scroll","background-type":"","background-media":"","overlay-type":"","overlay-color":"","overlay-opacity":"","overlay-gradient":""},"tablet":{"background-color":"var(--ast-global-color-4)","background-image":"","background-repeat":"repeat","background-position":"center center","background-size":"auto","background-attachment":"scroll","background-type":"","background-media":"","overlay-type":"","overlay-color":"","overlay-opacity":"","overlay-gradient":""},"mobile":{"background-color":"var(--ast-global-color-4)","background-image":"","background-repeat":"repeat","background-position":"center center","background-size":"auto","background-attachment":"scroll","background-type":"","background-media":"","overlay-type":"","overlay-color":"","overlay-opacity":"","overlay-gradient":""}},"footnotes":""},"class_list":["post-3","page","type-page","status-publish","hentry"],"jetpack_sharing_enabled":true,"_links":{"self":[{"href":"https:\/\/ufohry.cz\/cs_cz\/wp-json\/wp\/v2\/pages\/3","targetHints":{"allow":["GET"]}}],"collection":[{"href":"https:\/\/ufohry.cz\/cs_cz\/wp-json\/wp\/v2\/pages"}],"about":[{"href":"https:\/\/ufohry.cz\/cs_cz\/wp-json\/wp\/v2\/types\/page"}],"author":[{"embeddable":true,"href":"https:\/\/ufohry.cz\/cs_cz\/wp-json\/wp\/v2\/users\/2"}],"replies":[{"embeddable":true,"href":"https:\/\/ufohry.cz\/cs_cz\/wp-json\/wp\/v2\/comments?post=3"}],"version-history":[{"count":12,"href":"https:\/\/ufohry.cz\/cs_cz\/wp-json\/wp\/v2\/pages\/3\/revisions"}],"predecessor-version":[{"id":446,"href":"https:\/\/ufohry.cz\/cs_cz\/wp-json\/wp\/v2\/pages\/3\/revisions\/446"}],"wp:attachment":[{"href":"https:\/\/ufohry.cz\/cs_cz\/wp-json\/wp\/v2\/media?parent=3"}],"curies":[{"name":"wp","href":"https:\/\/api.w.org\/{rel}","templated":true}]}}